{"id":3327,"date":"2025-10-31T07:40:51","date_gmt":"2025-10-31T07:40:51","guid":{"rendered":"https:\/\/sevmaksan.com\/?page_id=3327"},"modified":"2025-11-01T08:18:12","modified_gmt":"2025-11-01T08:18:12","slug":"proje","status":"publish","type":"page","link":"https:\/\/sevmaksan.com\/ar\/proje\/","title":{"rendered":"\u0627\u0644\u0645\u0634\u0631\u0648\u0639"},"content":{"rendered":"<div data-elementor-type=\"wp-page\" data-elementor-id=\"3327\" class=\"elementor elementor-3327\" data-elementor-post-type=\"page\">\n\t\t\t\t<div class=\"elementor-element elementor-element-620d84dc e-flex e-con-boxed e-con e-parent\" data-id=\"620d84dc\" data-element_type=\"container\" data-e-type=\"container\" data-settings=\"{&quot;background_background&quot;:&quot;classic&quot;}\">\n\t\t\t\t\t<div class=\"e-con-inner\">\n\t\t\t\t\t<\/div>\n\t\t\t\t<\/div>\n\t\t<div class=\"elementor-element elementor-element-1da991b e-flex e-con-boxed e-con e-parent\" data-id=\"1da991b\" data-element_type=\"container\" data-e-type=\"container\" data-settings=\"{&quot;background_background&quot;:&quot;classic&quot;}\">\n\t\t\t\t\t<div class=\"e-con-inner\">\n\t\t\t\t<div class=\"elementor-element elementor-element-3be6144e elementor-widget elementor-widget-text-editor\" data-id=\"3be6144e\" data-element_type=\"widget\" data-e-type=\"widget\" data-widget_type=\"text-editor.default\">\n\t\t\t\t\t\t\t\t\t<p>\u0644\u0627 \u062a\u0642\u0648\u0645 KLAUE \u0628\u0625\u0646\u062a\u0627\u062c \u0623\u0642\u0631\u0627\u0635 \u0627\u0644\u0645\u0643\u0627\u0628\u062d \u0627\u0644\u0642\u064a\u0627\u0633\u064a\u0629 \u0641\u062d\u0633\u0628\u060c \u0628\u0644 \u062a\u0642\u062f\u0645 \u0623\u064a\u0636\u064b\u0627 \u062d\u0644\u0648\u0644 \u0625\u0646\u062a\u0627\u062c \u062e\u0627\u0635\u0629 \u0628\u0627\u0644\u0645\u0634\u0631\u0648\u0639 \u0648\u0641\u0642\u064b\u0627 \u0644\u0644\u0627\u062d\u062a\u064a\u0627\u062c\u0627\u062a \u0627\u0644\u0645\u062d\u062f\u062f\u0629 \u0644\u0639\u0645\u0644\u0627\u0626\u0646\u0627. \u0648\u0628\u0641\u0636\u0644 \u0645\u0631\u0627\u0641\u0642 \u0627\u0644\u0625\u0646\u062a\u0627\u062c \u0627\u0644\u062d\u062f\u064a\u062b\u0629 \u0628\u0646\u0638\u0627\u0645 \u0627\u0644\u062a\u062d\u0643\u0645 \u0627\u0644\u0631\u0642\u0645\u064a \u0628\u0627\u0633\u062a\u062e\u062f\u0627\u0645 \u0627\u0644\u062d\u0627\u0633\u0628 \u0627\u0644\u0622\u0644\u064a \u0648\u0627\u0644\u0645\u0647\u0646\u062f\u0633\u064a\u0646 \u0630\u0648\u064a \u0627\u0644\u062e\u0628\u0631\u0629 \u0648\u0627\u0644\u0641\u0631\u064a\u0642 \u0627\u0644\u0641\u0646\u064a\u060c \u0641\u0625\u0646\u0646\u0627 \u0646\u0644\u0628\u064a \u062c\u0645\u064a\u0639 \u0623\u0646\u0648\u0627\u0639 \u0645\u062a\u0637\u0644\u0628\u0627\u062a \u0627\u0644\u0625\u0646\u062a\u0627\u062c \u0627\u0644\u062e\u0627\u0635\u0629 \u0628\u062f\u0642\u0629 \u0639\u0627\u0644\u064a\u0629 \u0648\u062b\u0642\u0629 \u0639\u0627\u0644\u064a\u0629.<\/p>\t\t\t\t\t\t\t\t<\/div>\n\t\t\t\t\t<\/div>\n\t\t\t\t<\/div>\n\t\t<div class=\"elementor-element elementor-element-6f2f37dd e-flex e-con-boxed e-con e-parent\" data-id=\"6f2f37dd\" data-element_type=\"container\" data-e-type=\"container\" data-settings=\"{&quot;background_background&quot;:&quot;classic&quot;}\">\n\t\t\t\t\t<div class=\"e-con-inner\">\n\t\t<div class=\"elementor-element elementor-element-5652354 e-con-full e-flex e-con e-child\" data-id=\"5652354\" data-element_type=\"container\" data-e-type=\"container\">\n\t\t<div class=\"elementor-element elementor-element-84d6ff5 e-con-full e-flex e-con e-child\" data-id=\"84d6ff5\" data-element_type=\"container\" data-e-type=\"container\">\n\t\t\t\t<div class=\"elementor-element elementor-element-ba8632d elementor-widget elementor-widget-text-editor\" data-id=\"ba8632d\" data-element_type=\"widget\" data-e-type=\"widget\" data-widget_type=\"text-editor.default\">\n\t\t\t\t\t\t\t\t\t<p><strong>\u0627\u0644\u0623\u062c\u0632\u0627\u0621 \u0627\u0644\u062e\u0627\u0635\u0629 \u0627\u0644\u062a\u064a \u0646\u0646\u062a\u062c\u0647\u0627:<\/strong><\/p><ul><li>\u062f\u0648\u0644\u0627\u0628 \u0627\u0644\u0645\u0648\u0627\u0632\u0646\u0629 \u0644\u0644\u0645\u0631\u0643\u0628\u0629<\/li><li>\u0639\u0644\u0628 \u0627\u0644\u062d\u0627\u0642\u0646<\/li><li>\u0623\u063a\u0637\u064a\u0629 \u0639\u0644\u0628\u0629 \u0627\u0644\u062a\u0631\u0648\u0633<\/li><li>\u0623\u0642\u0631\u0627\u0635 \u0645\u0643\u0627\u0628\u062d \u0627\u0644\u062c\u0631\u0627\u0631\u0627\u062a<\/li><li>\u0627\u0644\u0623\u062c\u0632\u0627\u0621 \u0627\u0644\u0645\u064a\u0643\u0627\u0646\u064a\u0643\u064a\u0629 \u0627\u0644\u0623\u062e\u0631\u0649 \u0627\u0644\u0642\u0627\u0626\u0645\u0629 \u0639\u0644\u0649 \u0627\u0644\u0645\u0634\u0627\u0631\u064a\u0639 (\u0627\u0644\u062a\u0635\u0645\u064a\u0645 \u0648\u0627\u0644\u0625\u0646\u062a\u0627\u062c \u062d\u0633\u0628 \u0627\u0644\u0637\u0644\u0628)<\/li><\/ul><p><strong>\u0627\u062e\u062a\u0644\u0627\u0641\u0646\u0627 \u0641\u064a \u0627\u0644\u0625\u0646\u062a\u0627\u062c \u0627\u0644\u062e\u0627\u0635:<\/strong><\/p><ul><li><strong>\u062d\u0644\u0648\u0644 \u0645\u0648\u062c\u0647\u0629 \u0644\u0644\u0639\u0645\u0644\u0627\u0621:<\/strong> \u062a\u0635\u0645\u064a\u0645 \u0645\u062e\u0635\u0635 \u0648\u062f\u0639\u0645 \u0627\u0644\u0623\u0628\u0639\u0627\u062f<\/li><li><strong>\u0627\u0644\u062a\u0635\u0646\u064a\u0639 \u0627\u0644\u062f\u0642\u064a\u0642:<\/strong> \u062f\u0642\u0629 \u0645\u0644\u064a\u0645\u062a\u0631\u064a\u0629 \u0645\u0639 \u0627\u0644\u062a\u0635\u0646\u064a\u0639 \u0627\u0644\u0622\u0644\u064a \u0628\u0627\u0633\u062a\u062e\u062f\u0627\u0645 \u0627\u0644\u062d\u0627\u0633\u0628 \u0627\u0644\u0622\u0644\u064a \u0628\u0627\u0633\u062a\u062e\u062f\u0627\u0645 \u0627\u0644\u062d\u0627\u0633\u0628 \u0627\u0644\u0622\u0644\u064a \u0648\u0627\u0644\u062a\u0642\u0646\u064a\u0627\u062a \u0627\u0644\u0647\u0646\u062f\u0633\u064a\u0629 \u0627\u0644\u0645\u062a\u0642\u062f\u0645\u0629<\/li><li><strong>\u0645\u062a\u064a\u0646\u0629 \u0648\u0645\u0648\u062b\u0648\u0642\u0629:<\/strong> \u0645\u0646\u062a\u062c\u0627\u062a \u0623\u0643\u062b\u0631 \u0642\u0648\u0629 \u0648\u0623\u0637\u0648\u0644 \u0639\u0645\u0631\u0627\u064b \u0645\u0646 \u0627\u0644\u0645\u0639\u062f\u0627\u062a \u0627\u0644\u0623\u0635\u0644\u064a\u0629<\/li><li><strong>\u062c\u0648\u062f\u0629 \u0645\u0639\u062a\u0645\u062f\u0629:<\/strong> \u0627\u0644\u0625\u0646\u062a\u0627\u062c \u0648\u0641\u0642\u064b\u0627 \u0644\u0645\u0639\u0627\u064a\u064a\u0631 ISO &amp; ECE R90 \u0627\u0644\u062e\u0627\u0635\u0629 \u0628\u0640 ISO \u0648ECE R90<\/li><li><strong>\u062a\u0648\u0635\u064a\u0644 \u0633\u0631\u064a\u0639 \u0648\u0622\u0645\u0646:<\/strong> \u0645\u0648\u0627\u0639\u064a\u062f \u0646\u0647\u0627\u0626\u064a\u0629 \u0642\u0635\u064a\u0631\u0629 \u062d\u062a\u0649 \u0641\u064a \u0627\u0644\u0625\u0646\u062a\u0627\u062c \u0627\u0644\u0642\u0627\u0626\u0645 \u0639\u0644\u0649 \u0627\u0644\u0645\u0634\u0627\u0631\u064a\u0639<\/li><\/ul><p><strong>\u0639\u0645\u0644\u064a\u0629 \u0627\u0644\u0637\u0644\u0628:<\/strong><\/p><ol><li>\u0627\u0644\u062a\u0648\u0627\u0635\u0644 \u0645\u0639 \u0645\u062a\u0637\u0644\u0628\u0627\u062a\u0643 \u0648\u0637\u0644\u0628\u0627\u062a \u0627\u0644\u062a\u0635\u0645\u064a\u0645 \u0627\u0644\u062e\u0627\u0635\u0629 \u0628\u0643 (\u0639\u0646 \u0637\u0631\u064a\u0642 \u0627\u0644\u0631\u0633\u0645 \u0623\u0648 \u0627\u0644\u0639\u064a\u0646\u0629)<\/li><li>\u0627\u0644\u062a\u0642\u064a\u064a\u0645 \u0627\u0644\u0641\u0646\u064a \u0648\u0625\u0639\u062f\u0627\u062f \u0627\u0644\u0645\u0642\u062a\u0631\u062d\u0627\u062a<\/li><li>\u0625\u0646\u062a\u0627\u062c \u0627\u0644\u0639\u064a\u0646\u0629 \u0648\u0627\u0644\u0645\u0648\u0627\u0641\u0642\u0629 \u0639\u0644\u064a\u0647\u0627<\/li><li>\u0625\u0646\u062a\u0627\u062c \u062a\u0633\u0644\u0633\u0644\u064a \u0623\u0648 \u0641\u0631\u062f\u064a<\/li><li>\u0645\u0631\u0627\u0642\u0628\u0629 \u0627\u0644\u062c\u0648\u062f\u0629 \u0648\u0627\u0644\u062a\u0633\u0644\u064a\u0645<\/li><\/ol>\t\t\t\t\t\t\t\t<\/div>\n\t\t\t\t<\/div>\n\t\t<div class=\"elementor-element elementor-element-bd29764 e-con-full e-flex e-con e-child\" data-id=\"bd29764\" data-element_type=\"container\" data-e-type=\"container\">\n\t\t\t\t<div class=\"elementor-element elementor-element-4c5d0ae elementor-widget elementor-widget-text-editor\" data-id=\"4c5d0ae\" data-element_type=\"widget\" data-e-type=\"widget\" data-widget_type=\"text-editor.default\">\n\t\t\t\t\t\t\t\t\t<p>\u0648\u0628\u0635\u0641\u062a\u0646\u0627 \u0634\u0631\u0643\u0629 KLAUE\u060c \u0641\u0625\u0646\u0646\u0627 \u0646\u0646\u062a\u062c \u062d\u0644\u0648\u0644\u0627\u064b \u0635\u0646\u0627\u0639\u064a\u0629 \u0645\u0635\u0645\u0645\u0629 \u062e\u0635\u064a\u0635\u064b\u0627 \u0644\u062a\u0644\u0628\u064a\u0629 \u0627\u062d\u062a\u064a\u0627\u062c\u0627\u062a \u0639\u0645\u0644\u0627\u0626\u0646\u0627 \u0648\u0646\u0636\u0645\u0646 \u0627\u0644\u062b\u0642\u0629 \u0648\u0627\u0644\u062c\u0648\u062f\u0629 \u0641\u064a \u0643\u0644 \u062e\u0637\u0648\u0629.<\/p><p><strong>\u0623\u0631\u0633\u0644 \u0637\u0644\u0628 \u0625\u0646\u062a\u0627\u062c \u062e\u0627\u0635 \u0627\u0644\u0622\u0646<\/strong><\/p><p>\u062f\u0639\u0646\u0627 \u0646\u0646\u062a\u062c \u0644\u0643 \u062d\u0644\u0627\u064b \u0644\u0645\u0634\u0631\u0648\u0639\u0643 \u0628\u062f\u0642\u0629 \u0647\u0646\u062f\u0633\u064a\u0629 \u0639\u0627\u0644\u064a\u0629.<br \/>\u0627\u0645\u0644\u0623 \u0627\u0644\u0646\u0645\u0648\u0630\u062c \u0623\u062f\u0646\u0627\u0647 \u0648\u0633\u064a\u0642\u0648\u0645 \u0641\u0631\u064a\u0642 \u0627\u0644\u062e\u0628\u0631\u0627\u0621 \u0644\u062f\u064a\u0646\u0627 \u0628\u0627\u0644\u0627\u062a\u0635\u0627\u0644 \u0628\u0643 \u0641\u064a \u0623\u0642\u0631\u0628 \u0648\u0642\u062a \u0645\u0645\u0643\u0646.<\/p>\t\t\t\t\t\t\t\t<\/div>\n\t\t\t\t<div class=\"elementor-element elementor-element-d07b20d elementor-widget elementor-widget-text-editor\" data-id=\"d07b20d\" data-element_type=\"widget\" data-e-type=\"widget\" data-widget_type=\"text-editor.default\">\n\t\t\t\t\t\t\t\t\t<p>\u0643\u0644 \u0645\u0634\u0631\u0648\u0639 \u062e\u0627\u0635 \u0628\u0627\u0644\u0646\u0633\u0628\u0629 \u0644\u0646\u0627.<\/p>\t\t\t\t\t\t\t\t<\/div>\n\t\t\t\t<\/div>\n\t\t\t\t<\/div>\n\t\t\t\t\t<\/div>\n\t\t\t\t<\/div>\n\t\t<div class=\"elementor-element elementor-element-4631491 e-flex e-con-boxed e-con e-parent\" data-id=\"4631491\" data-element_type=\"container\" data-e-type=\"container\">\n\t\t\t\t\t<div class=\"e-con-inner\">\n\t\t\t\t<div class=\"elementor-element elementor-element-42310e4 elementor-widget elementor-widget-heading\" data-id=\"42310e4\" data-element_type=\"widget\" data-e-type=\"widget\" data-widget_type=\"heading.default\">\n\t\t\t\t\t<h2 class=\"elementor-heading-title elementor-size-default\">\u0625\u0631\u0633\u0627\u0644 \u062a\u0641\u0627\u0635\u064a\u0644 \u0627\u0644\u0645\u0634\u0631\u0648\u0639 <\/h2>\t\t\t\t<\/div>\n\t\t\t\t<div class=\"elementor-element elementor-element-c01ee63 elementor-widget elementor-widget-wpforms\" data-id=\"c01ee63\" data-element_type=\"widget\" data-e-type=\"widget\" data-widget_type=\"wpforms.default\">\n\t\t\t\t<div class=\"elementor-widget-container\">\n\t\t\t\t\t<div class=\"wpforms-container\" id=\"wpforms-3416\"><form id=\"wpforms-form-3416\" class=\"wpforms-validate wpforms-form wpforms-ajax-form\" data-formid=\"3416\" method=\"post\" enctype=\"multipart\/form-data\" action=\"\/ar\/wp-json\/wp\/v2\/pages\/3327?wpforms_form_id=3416\" data-token=\"9c2c8b7589198b1b491e72440256ee75\" data-token-time=\"1776937286\" data-trp-original-action=\"\/ar\/wp-json\/wp\/v2\/pages\/3327?wpforms_form_id=3416\"><noscript class=\"wpforms-error-noscript\">\u064a\u0631\u062c\u0649 \u062a\u0641\u0639\u064a\u0644 JavaScript \u0641\u064a \u0645\u062a\u0635\u0641\u062d\u0643 \u0644\u0625\u0643\u0645\u0627\u0644 \u0647\u0630\u0627 \u0627\u0644\u0646\u0645\u0648\u0630\u062c.<\/noscript><div class=\"wpforms-field-container\"><div id=\"wpforms-3416-field_2-container\" class=\"wpforms-field wpforms-field-name\" data-field-id=\"2\"><label class=\"wpforms-field-label wpforms-label-hide\" for=\"wpforms-3416-field_2\">\u0627\u0644\u0627\u0633\u0645\/\u0627\u0644\u0644\u0642\u0628 <span class=\"wpforms-required-label\">*<\/span><\/label><div class=\"wpforms-field-row wpforms-field-large\"><div class=\"wpforms-field-row-block wpforms-first wpforms-one-half\"><input type=\"text\" id=\"wpforms-3416-field_2\" class=\"wpforms-field-name-first wpforms-field-required\" name=\"wpforms[fields][2][first]\" placeholder=\"\u0627\u0633\u0645\u0643\" required><label for=\"wpforms-3416-field_2\" class=\"wpforms-field-sublabel after wpforms-sublabel-hide\">\u0623\u0648\u0644\u0627\u064b<\/label><\/div><div class=\"wpforms-field-row-block wpforms-one-half\"><input type=\"text\" id=\"wpforms-3416-field_2-last\" class=\"wpforms-field-name-last wpforms-field-required\" name=\"wpforms[fields][2][last]\" placeholder=\"\u0644\u0642\u0628\u0643\" required><label for=\"wpforms-3416-field_2-last\" class=\"wpforms-field-sublabel after wpforms-sublabel-hide\">\u0627\u0644\u0623\u062e\u064a\u0631<\/label><\/div><\/div><\/div>\t\t<div id=\"wpforms-3416-field_4-container\"\n\t\t\tclass=\"wpforms-field wpforms-field-text\"\n\t\t\tdata-field-type=\"text\"\n\t\t\tdata-field-id=\"4\"\n\t\t\t>\n\t\t\t<label class=\"wpforms-field-label\" for=\"wpforms-3416-field_4\" >Firma (Opsiyonel) Numune<\/label>\n\t\t\t<input type=\"text\" id=\"wpforms-3416-field_4\" class=\"wpforms-field-medium\" name=\"wpforms[fields][4]\" >\n\t\t<\/div>\n\t\t<div id=\"wpforms-3416-field_1-container\" class=\"wpforms-field wpforms-field-text\" data-field-id=\"1\"><label class=\"wpforms-field-label wpforms-label-hide\" for=\"wpforms-3416-field_1\">\u0627\u0633\u0645 \u0627\u0644\u0634\u0631\u0643\u0629 <span class=\"wpforms-required-label\">*<\/span><\/label><input type=\"text\" id=\"wpforms-3416-field_1\" class=\"wpforms-field-large wpforms-field-required\" name=\"wpforms[fields][1]\" placeholder=\"\u0627\u0633\u0645 \u0627\u0644\u0634\u0631\u0643\u0629\" required><\/div><div id=\"wpforms-3416-field_5-container\" class=\"wpforms-field wpforms-field-email\" data-field-id=\"5\"><label class=\"wpforms-field-label wpforms-label-hide\" for=\"wpforms-3416-field_5\">\u0627\u0644\u0628\u0631\u064a\u062f \u0627\u0644\u0625\u0644\u0643\u062a\u0631\u0648\u0646\u064a <span class=\"wpforms-required-label\">*<\/span><\/label><input type=\"email\" id=\"wpforms-3416-field_5\" class=\"wpforms-field-large wpforms-field-required\" name=\"wpforms[fields][5]\" placeholder=\"\u0639\u0646\u0648\u0627\u0646 \u0628\u0631\u064a\u062f\u0643 \u0627\u0644\u0625\u0644\u0643\u062a\u0631\u0648\u0646\u064a\" spellcheck=\"false\" required><\/div><div id=\"wpforms-3416-field_6-container\" class=\"wpforms-field wpforms-field-phone\" data-field-id=\"6\"><label class=\"wpforms-field-label wpforms-label-hide\" for=\"wpforms-3416-field_6\">\u0627\u0644\u0647\u0627\u062a\u0641 <span class=\"wpforms-required-label\">*<\/span><\/label><input type=\"tel\" id=\"wpforms-3416-field_6\" class=\"wpforms-field-large wpforms-field-required wpforms-smart-phone-field\" data-rule-smart-phone-field=\"true\" name=\"wpforms[fields][6]\" placeholder=\"\u0631\u0642\u0645 \u0647\u0627\u062a\u0641\u0643\" aria-label=\"\u0627\u0644\u0647\u0627\u062a\u0641\" required><\/div><div id=\"wpforms-3416-field_3-container\" class=\"wpforms-field wpforms-field-textarea\" data-field-id=\"3\"><label class=\"wpforms-field-label wpforms-label-hide\" for=\"wpforms-3416-field_3\">\u0627\u0644\u0631\u0633\u0627\u0644\u0629 <span class=\"wpforms-required-label\">*<\/span><\/label><textarea id=\"wpforms-3416-field_3\" class=\"wpforms-field-medium wpforms-field-required\" name=\"wpforms[fields][3]\" placeholder=\"\u0631\u0633\u0627\u0644\u062a\u0643...\" required><\/textarea><\/div><div id=\"wpforms-3416-field_8-container\" class=\"wpforms-field wpforms-field-file-upload\" data-field-id=\"8\"><label class=\"wpforms-field-label\" for=\"wpforms-3416-field_8\">\u0627\u0644\u0631\u0633\u0645 \u0623\u0648 \u062a\u062d\u0645\u064a\u0644 \u0627\u0644\u0639\u064a\u0646\u0627\u062a (\u0627\u062e\u062a\u064a\u0627\u0631\u064a)<\/label><div\n\t\tclass=\"wpforms-uploader\"\n\t\tdata-field-id=\"8\"\n\t\tdata-form-id=\"3416\"\n\t\tdata-input-name=\"wpforms_3416_8\"\n\t\tdata-extensions=\"jpg,jpeg,jpe,gif,png,bmp,tiff,tif,webp,avif,ico,heic,heif,heics,heifs,asf,asx,wmv,wmx,wm,avi,divx,mov,qt,mpeg,mpg,mpe,mp4,m4v,ogv,webm,mkv,3gp,3gpp,3g2,3gp2,txt,asc,c,cc,h,srt,csv,tsv,ics,rtx,css,vtt,mp3,m4a,m4b,aac,ra,ram,wav,x-wav,ogg,oga,flac,mid,midi,wma,wax,mka,rtf,pdf,class,tar,zip,gz,gzip,rar,7z,psd,xcf,doc,pot,pps,ppt,wri,xla,xls,xlt,xlw,mpp,docx,docm,dotx,dotm,xlsx,xlsm,xlsb,xltx,xltm,xlam,pptx,pptm,ppsx,ppsm,potx,potm,ppam,sldx,sldm,onetoc,onetoc2,onepkg,oxps,xps,odt,odp,ods,odg,odc,odb,odf,wp,wpd,key,numbers,pages,json\"\n\t\tdata-max-size=\"52428800\"\n\t\tdata-max-file-number=\"2\"\n\t\tdata-post-max-size=\"2147483648\"\n\t\tdata-max-parallel-uploads=\"4\"\n\t\tdata-parallel-uploads=\"true\"\n\t\tdata-file-chunk-size=\"2097152\">\n\t<div class=\"dz-message\">\n\t\t<svg  viewbox=\"0 0 640 640\" focusable=\"false\" data-icon=\"inbox\" width=\"50px\" height=\"50px\" fill=\"currentColor\" aria-hidden=\"true\">\n\t\t\t<path d=\"M352 173.3L352 384C352 401.7 337.7 416 320 416C302.3 416 288 401.7 288 384L288 173.3L246.6 214.7C234.1 227.2 213.8 227.2 201.3 214.7C188.8 202.2 188.8 181.9 201.3 169.4L297.3 73.4C309.8 60.9 330.1 60.9 342.6 73.4L438.6 169.4C451.1 181.9 451.1 202.2 438.6 214.7C426.1 227.2 405.8 227.2 393.3 214.7L352 173.3zM320 464C364.2 464 400 428.2 400 384L480 384C515.3 384 544 412.7 544 448L544 480C544 515.3 515.3 544 480 544L160 544C124.7 544 96 515.3 96 480L96 448C96 412.7 124.7 384 160 384L240 384C240 428.2 275.8 464 320 464zM464 488C477.3 488 488 477.3 488 464C488 450.7 477.3 440 464 440C450.7 440 440 450.7 440 464C440 477.3 450.7 488 464 488z\"\/>\n\t\t<\/svg>\n\n\t\t<span class=\"modern-title\">\n\t\t\t\t\t\t\t\u0633\u062d\u0628 \u0648\u0625\u0633\u0642\u0627\u0637 \u0627\u0644\u0645\u0644\u0641\u0627\u062a, \t\t\t\t<span>\u0627\u062e\u062a\u064a\u0627\u0631 \u0627\u0644\u0645\u0644\u0641\u0627\u062a \u0627\u0644\u0645\u0631\u0627\u062f \u062a\u062d\u0645\u064a\u0644\u0647\u0627<\/span>\n\t\t\t\t\t<\/span>\n\n\t\t\t\t\t<span class=\"modern-hint\">\u064a\u0645\u0643\u0646\u0643 \u062a\u062d\u0645\u064a\u0644 \u0645\u0627 \u064a\u0635\u0644 \u0625\u0644\u0649 2 \u0645\u0646 \u0627\u0644\u0645\u0644\u0641\u0627\u062a.<\/span>\n\t\t\t<\/div>\n<\/div>\n\n<input\n\t\ttype=\"text\"\n\t\tautocomplete=\"off\"\n\t\treadonly\n\t\tclass=\"dropzone-input\"\n\t\tstyle=\"position:absolute!important;clip:rect(0,0,0,0)!important;height:1px!important;width:1px!important;border:0!important;overflow:hidden!important;padding:0!important;margin:0!important;\"\n\t\tid=\"wpforms-3416-field_8\"\n\t\tname=\"wpforms_3416_8\" \t\tvalue=\"\">\n<\/div><script>\n\t\t\t\t( function() {\n\t\t\t\t\tconst style = document.createElement( 'style' );\n\t\t\t\t\tstyle.appendChild( document.createTextNode( '#wpforms-3416-field_4-container { position: absolute !important; overflow: hidden !important; display: inline !important; height: 1px !important; width: 1px !important; z-index: -1000 !important; padding: 0 !important; } #wpforms-3416-field_4-container input { visibility: hidden; } #wpforms-conversational-form-page #wpforms-3416-field_4-container label { counter-increment: none; }' ) );\n\t\t\t\t\tdocument.head.appendChild( style );\n\t\t\t\t\tdocument.currentScript?.remove();\n\t\t\t\t} )();\n\t\t\t<\/script><\/div><!-- .wpforms-field-container --><div class=\"wpforms-submit-container\" ><input type=\"hidden\" name=\"wpforms[id]\" value=\"3416\"><input type=\"hidden\" name=\"page_title\" value=\"\"><input type=\"hidden\" name=\"page_url\" value=\"https:\/\/sevmaksan.com\/ar\/wp-json\/wp\/v2\/pages\/3327\"><input type=\"hidden\" name=\"url_referer\" value=\"\"><button type=\"submit\" name=\"wpforms[submit]\" id=\"wpforms-submit-3416\" class=\"wpforms-submit\" data-alt-text=\"G\u00f6nderiliyor...\" data-submit-text=\"G\u00f6nder\" aria-live=\"assertive\" value=\"wpforms-submit\">\u0625\u0631\u0633\u0627\u0644<\/button><img decoding=\"async\" src=\"https:\/\/sevmaksan.com\/wp-content\/plugins\/wpforms\/assets\/images\/submit-spin.svg\" class=\"wpforms-submit-spinner\" style=\"display: none;\" width=\"26\" height=\"26\" alt=\"Loading\"><\/div><input type=\"hidden\" name=\"trp-form-language\" value=\"ar\"\/><\/form><\/div>  <!-- .wpforms-container -->\t\t\t\t<\/div>\n\t\t\t\t<\/div>\n\t\t\t\t\t<\/div>\n\t\t\t\t<\/div>\n\t\t\t\t<\/div>","protected":false},"excerpt":{"rendered":"<p>\u0644\u0627 \u062a\u0642\u0648\u0645 KLAUE \u0628\u0625\u0646\u062a\u0627\u062c \u0623\u0642\u0631\u0627\u0635 \u0627\u0644\u0645\u0643\u0627\u0628\u062d \u0627\u0644\u0642\u064a\u0627\u0633\u064a\u0629 \u0641\u062d\u0633\u0628\u060c \u0628\u0644 \u062a\u0642\u062f\u0645 \u0623\u064a\u0636\u064b\u0627 \u062d\u0644\u0648\u0644 \u0625\u0646\u062a\u0627\u062c \u062e\u0627\u0635\u0629 \u0628\u0627\u0644\u0645\u0634\u0631\u0648\u0639 \u0648\u0641\u0642\u064b\u0627 \u0644\u0644\u0627\u062d\u062a\u064a\u0627\u062c\u0627\u062a \u0627\u0644\u0645\u062d\u062f\u062f\u0629 \u0644\u0639\u0645\u0644\u0627\u0626\u0646\u0627. \u0648\u0628\u0641\u0636\u0644 \u0645\u0631\u0627\u0641\u0642 \u0627\u0644\u0625\u0646\u062a\u0627\u062c \u0627\u0644\u062d\u062f\u064a\u062b\u0629 \u0628\u0646\u0638\u0627\u0645 \u0627\u0644\u062a\u062d\u0643\u0645 \u0627\u0644\u0631\u0642\u0645\u064a \u0628\u0627\u0633\u062a\u062e\u062f\u0627\u0645 \u0627\u0644\u062d\u0627\u0633\u0628 \u0627\u0644\u0622\u0644\u064a \u0648\u0627\u0644\u0645\u0647\u0646\u062f\u0633\u064a\u0646 \u0630\u0648\u064a \u0627\u0644\u062e\u0628\u0631\u0629 \u0648\u0627\u0644\u0641\u0631\u064a\u0642 \u0627\u0644\u0641\u0646\u064a\u060c \u0641\u0625\u0646\u0646\u0627 \u0646\u0644\u0628\u064a \u062c\u0645\u064a\u0639 \u0623\u0646\u0648\u0627\u0639 \u0645\u062a\u0637\u0644\u0628\u0627\u062a \u0627\u0644\u0625\u0646\u062a\u0627\u062c \u0627\u0644\u062e\u0627\u0635\u0629 \u0628\u062f\u0642\u0629 \u0639\u0627\u0644\u064a\u0629 \u0648\u062b\u0642\u0629 \u0639\u0627\u0644\u064a\u0629. \u0627\u0644\u0623\u062c\u0632\u0627\u0621 \u0627\u0644\u062e\u0627\u0635\u0629 \u0627\u0644\u062a\u064a \u0646\u0646\u062a\u062c\u0647\u0627 \u0627\u0644\u062d\u0630\u0627\u0641\u0627\u062a \u0627\u0644\u062e\u0627\u0635\u0629 \u0628\u0627\u0644\u0645\u0631\u0643\u0628\u0627\u062a \u0623\u063a\u0637\u064a\u0629 \u0623\u063a\u0637\u064a\u0629 \u062d\u0627\u0642\u0646 \u0646\u0627\u0642\u0644 \u0627\u0644\u062d\u0631\u0643\u0629 \u0623\u0642\u0631\u0627\u0635 \u0641\u0631\u0627\u0645\u0644 \u0627\u0644\u062c\u0631\u0627\u0631\u0627\u062a \u0627\u0644\u0623\u062c\u0632\u0627\u0621 \u0627\u0644\u0645\u064a\u0643\u0627\u0646\u064a\u0643\u064a\u0629 \u0627\u0644\u0623\u062e\u0631\u0649 \u0627\u0644\u062e\u0627\u0635\u0629 \u0628\u0627\u0644\u0645\u0634\u0631\u0648\u0639 (\u062d\u0633\u0628 \u0627\u0644\u0637\u0644\u0628 [...]<\/p>","protected":false},"author":1,"featured_media":0,"parent":0,"menu_order":0,"comment_status":"closed","ping_status":"closed","template":"elementor_header_footer","meta":{"_uag_custom_page_level_css":"","footnotes":""},"class_list":["post-3327","page","type-page","status-publish","hentry"],"blocksy_meta":[],"aioseo_notices":[],"uagb_featured_image_src":{"full":false,"thumbnail":false,"medium":false,"medium_large":false,"large":false,"1536x1536":false,"2048x2048":false,"trp-custom-language-flag":false,"woocommerce_archive_thumbnail":false,"woocommerce_thumbnail":false,"woocommerce_single":false,"woocommerce_gallery_thumbnail":false},"uagb_author_info":{"display_name":"grafik@gramen.com.tr","author_link":"https:\/\/sevmaksan.com\/ar\/author\/gramen\/"},"uagb_comment_info":0,"uagb_excerpt":"KLAUE, yaln\u0131zca standart fren diskleri \u00fcretmekle kalmaz; m\u00fc\u015fterilerimizin \u00f6zel ihtiya\u00e7lar\u0131na g\u00f6re projeye \u00f6zel \u00fcretim \u00e7\u00f6z\u00fcmleri de sunar.Modern CNC \u00fcretim tesislerimiz, deneyimli m\u00fchendis ve teknik ekibimiz ile her t\u00fcrl\u00fc \u00f6zel \u00fcretim talebini y\u00fcksek hassasiyet ve g\u00fcvenle kar\u015f\u0131l\u0131yoruz. \u00dcretimini yapt\u0131\u011f\u0131m\u0131z \u00f6zel par\u00e7alar: Ara\u00e7 Volantlar\u0131 Enjekt\u00f6r Yuvalar\u0131 \u015eanz\u0131man Kapaklar\u0131 Trakt\u00f6r Fren Diskleri Proje bazl\u0131 di\u011fer mekanik par\u00e7alar (talebe&hellip;","_links":{"self":[{"href":"https:\/\/sevmaksan.com\/ar\/wp-json\/wp\/v2\/pages\/3327","targetHints":{"allow":["GET"]}}],"collection":[{"href":"https:\/\/sevmaksan.com\/ar\/wp-json\/wp\/v2\/pages"}],"about":[{"href":"https:\/\/sevmaksan.com\/ar\/wp-json\/wp\/v2\/types\/page"}],"author":[{"embeddable":true,"href":"https:\/\/sevmaksan.com\/ar\/wp-json\/wp\/v2\/users\/1"}],"replies":[{"embeddable":true,"href":"https:\/\/sevmaksan.com\/ar\/wp-json\/wp\/v2\/comments?post=3327"}],"version-history":[{"count":31,"href":"https:\/\/sevmaksan.com\/ar\/wp-json\/wp\/v2\/pages\/3327\/revisions"}],"predecessor-version":[{"id":3475,"href":"https:\/\/sevmaksan.com\/ar\/wp-json\/wp\/v2\/pages\/3327\/revisions\/3475"}],"wp:attachment":[{"href":"https:\/\/sevmaksan.com\/ar\/wp-json\/wp\/v2\/media?parent=3327"}],"curies":[{"name":"\u062f\u0628\u0644\u064a\u0648 \u0628\u064a","href":"https:\/\/api.w.org\/{rel}","templated":true}]}}