{"id":3328,"date":"2025-10-31T07:40:51","date_gmt":"2025-10-31T07:40:51","guid":{"rendered":"https:\/\/sevmaksan.com\/?page_id=3328"},"modified":"2025-11-01T08:45:52","modified_gmt":"2025-11-01T08:45:52","slug":"kalite-ve-teknoloji","status":"publish","type":"page","link":"https:\/\/sevmaksan.com\/ar\/kalite-ve-teknoloji\/","title":{"rendered":"\u0627\u0644\u062c\u0648\u062f\u0629 \u0648\u0627\u0644\u062a\u0643\u0646\u0648\u0644\u0648\u062c\u064a\u0627"},"content":{"rendered":"<div data-elementor-type=\"wp-page\" data-elementor-id=\"3328\" class=\"elementor elementor-3328\" data-elementor-post-type=\"page\">\n\t\t\t\t<div class=\"elementor-element elementor-element-70d6455b e-flex e-con-boxed e-con e-parent\" data-id=\"70d6455b\" data-element_type=\"container\" data-settings=\"{&quot;background_background&quot;:&quot;classic&quot;}\">\n\t\t\t\t\t<div class=\"e-con-inner\">\n\t\t\t\t\t<\/div>\n\t\t\t\t<\/div>\n\t\t<div class=\"elementor-element elementor-element-49aaae09 e-flex e-con-boxed e-con e-parent\" data-id=\"49aaae09\" data-element_type=\"container\" data-settings=\"{&quot;background_background&quot;:&quot;classic&quot;}\">\n\t\t\t\t\t<div class=\"e-con-inner\">\n\t\t\t\t<div class=\"elementor-element elementor-element-28929471 elementor-widget elementor-widget-text-editor\" data-id=\"28929471\" data-element_type=\"widget\" data-widget_type=\"text-editor.default\">\n\t\t\t\t\t\t\t\t\t<p>\u0646\u062d\u0646 \u0641\u064a KLAUE\u060c \u0644\u0627 \u0646\u0643\u062a\u0641\u064a \u0628\u0627\u0644\u0627\u0647\u062a\u0645\u0627\u0645 \u0628\u0627\u0644\u062c\u0648\u062f\u0629 \u0648\u0627\u0644\u0645\u0648\u062b\u0648\u0642\u064a\u0629 \u0641\u064a \u0627\u0644\u0625\u0646\u062a\u0627\u062c\u060c \u0628\u0644 \u0646\u062f\u0639\u0645 \u0643\u0644 \u062e\u0637\u0648\u0629 \u0645\u0646 \u062e\u0637\u0648\u0627\u062a\u0646\u0627 \u0628\u062a\u0643\u0646\u0648\u0644\u0648\u062c\u064a\u0627 \u062a\u0637\u0644\u0639\u064a\u0629 \u0648\u0647\u0646\u062f\u0633\u0629 \u062f\u0642\u064a\u0642\u0629. \u0648\u0628\u0641\u0636\u0644 \u0627\u0644\u0645\u0639\u062f\u0627\u062a \u0648\u0627\u0644\u0639\u0645\u0644\u064a\u0627\u062a \u0627\u0644\u062a\u064a \u0646\u0633\u062a\u062e\u062f\u0645\u0647\u0627 \u0641\u064a \u0645\u0646\u0634\u0622\u062a \u0627\u0644\u0625\u0646\u062a\u0627\u062c \u0627\u0644\u062d\u062f\u064a\u062b\u0629 \u0644\u062f\u064a\u0646\u0627\u060c \u0641\u0625\u0646\u0646\u0627 \u0646\u0636\u0645\u0646 \u062a\u0635\u0646\u064a\u0639 \u0643\u0644 \u062c\u0632\u0621 \u0628\u062f\u0642\u0629 \u0645\u0644\u064a\u0645\u062a\u0631\u064a\u0629 \u0648\u0645\u062a\u0627\u0646\u0629 \u0641\u0627\u0626\u0642\u0629.<\/p>\t\t\t\t\t\t\t\t<\/div>\n\t\t\t\t\t<\/div>\n\t\t\t\t<\/div>\n\t\t<div class=\"elementor-element elementor-element-1dd85756 e-flex e-con-boxed e-con e-parent\" data-id=\"1dd85756\" data-element_type=\"container\" data-settings=\"{&quot;background_background&quot;:&quot;classic&quot;}\">\n\t\t\t\t\t<div class=\"e-con-inner\">\n\t\t\t\t<div class=\"elementor-element elementor-element-3bd83972 elementor-widget elementor-widget-text-editor\" data-id=\"3bd83972\" data-element_type=\"widget\" data-widget_type=\"text-editor.default\">\n\t\t\t\t\t\t\t\t\t<p><strong>\u0645\u0627\u0643\u064a\u0646\u0627\u062a CNC<\/strong><\/p><ul><li>\u062a\u0645\u0643\u0650\u0651\u0646\u0646\u0627 \u0645\u0631\u0627\u0643\u0632 \u0627\u0644\u062a\u0635\u0646\u064a\u0639 \u0627\u0644\u0622\u0644\u064a \u0628\u0646\u0638\u0627\u0645 \u0627\u0644\u062a\u062d\u0643\u0645 \u0627\u0644\u0631\u0642\u0645\u064a \u0639\u0627\u0644\u064a\u0629 \u0627\u0644\u062f\u0642\u0629 \u0645\u0646 \u0625\u0646\u062a\u0627\u062c \u0623\u062c\u0632\u0627\u0621 \u0628\u062f\u0642\u0629 \u0645\u0644\u064a\u0645\u062a\u0631\u064a\u0629\u060c \u062d\u062a\u0649 \u062a\u0644\u0643 \u0630\u0627\u062a \u0627\u0644\u0623\u0634\u0643\u0627\u0644 \u0627\u0644\u0647\u0646\u062f\u0633\u064a\u0629 \u0627\u0644\u0645\u0639\u0642\u062f\u0629.<\/li><li>\u064a\u0648\u0641\u0631 \u062d\u0644\u0648\u0644\u0627\u064b \u0645\u0631\u0646\u0629 \u0648\u0633\u0631\u064a\u0639\u0629 \u0644\u0644\u0625\u0646\u062a\u0627\u062c \u0627\u0644\u0636\u062e\u0645 \u0648\u0627\u0644\u0625\u0646\u062a\u0627\u062c \u0627\u0644\u062e\u0627\u0635 \u0627\u0644\u0642\u0627\u0626\u0645 \u0639\u0644\u0649 \u0627\u0644\u0645\u0634\u0627\u0631\u064a\u0639 \u0639\u0644\u0649 \u062d\u062f \u0633\u0648\u0627\u0621.<\/li><li>\u064a\u0642\u0644\u0644 \u0645\u0646 \u0627\u0644\u062a\u0641\u0627\u0648\u062a \u0627\u0644\u0645\u0633\u0645\u0648\u062d \u0628\u0647 \u0648\u0627\u0646\u062d\u0631\u0627\u0641\u0627\u062a \u0627\u0644\u062c\u0648\u062f\u0629 \u0623\u062b\u0646\u0627\u0621 \u0627\u0644\u0625\u0646\u062a\u0627\u062c \u0628\u0643\u0641\u0627\u0621\u0629 \u0639\u0627\u0644\u064a\u0629.<\/li><\/ul><p><strong>\u0645\u0627\u0643\u064a\u0646\u0627\u062a \u0627\u0644\u0645\u062e\u0631\u0637\u0629<\/strong><\/p><ul><li>\u062a\u0645\u0643\u0650\u0651\u0646 \u0627\u0644\u0645\u062e\u0627\u0631\u0637 \u0627\u0644\u0642\u0648\u064a\u0629 \u0648\u0627\u0644\u062f\u0642\u064a\u0642\u0629 \u0645\u0646 \u062a\u0634\u0643\u064a\u0644 \u0627\u0644\u0642\u0650\u0637\u0639 \u0627\u0644\u0623\u0633\u0637\u0648\u0627\u0646\u064a\u0629 \u0628\u0623\u0641\u0636\u0644 \u062e\u0634\u0648\u0646\u0629 \u0633\u0637\u062d\u064a\u0629 \u0648\u062a\u0641\u0627\u0648\u062a\u0627\u062a \u0623\u0628\u0639\u0627\u062f \u0645\u062b\u0627\u0644\u064a\u0629.<\/li><li>\u0648\u0647\u064a \u062a\u0644\u0639\u0628 \u062f\u0648\u0631\u064b\u0627 \u062d\u0627\u0633\u0645\u064b\u0627 \u0641\u064a \u0625\u0646\u062a\u0627\u062c \u0623\u0642\u0631\u0627\u0635 \u0627\u0644\u0645\u0643\u0627\u0628\u062d \u0648\u0623\u063a\u0637\u064a\u0629 \u0646\u0627\u0642\u0644 \u0627\u0644\u062d\u0631\u0643\u0629 \u0648\u0627\u0644\u0623\u062c\u0632\u0627\u0621 \u0627\u0644\u062e\u0627\u0635\u0629 \u0627\u0644\u0623\u062e\u0631\u0649.<\/li><li>\u064a\u0632\u064a\u062f \u0645\u0646 \u0627\u0633\u062a\u0645\u0631\u0627\u0631\u064a\u0629 \u0627\u0644\u0625\u0646\u062a\u0627\u062c \u0648\u062c\u0648\u062f\u062a\u0647 \u0645\u0646 \u062e\u0644\u0627\u0644 \u0627\u0644\u0639\u0645\u0644 \u0628\u0634\u0643\u0644 \u0645\u062a\u0643\u0627\u0645\u0644 \u0645\u0639 \u0645\u0627\u0643\u064a\u0646\u0627\u062a \u0627\u0644\u062a\u062d\u0643\u0645 \u0627\u0644\u0631\u0642\u0645\u064a \u0628\u0627\u0633\u062a\u062e\u062f\u0627\u0645 \u0627\u0644\u062d\u0627\u0633\u0648\u0628.<\/li><\/ul><p><strong>\u0623\u062c\u0647\u0632\u0629 \u0627\u0644\u0642\u064a\u0627\u0633<\/strong><\/p><ul><li>\u064a\u062a\u0645 \u0627\u062e\u062a\u0628\u0627\u0631 \u0643\u0644 \u0645\u0646\u062a\u062c \u0628\u062f\u0642\u0629 \u0645\u0646 \u0642\u0650\u0628\u0644 \u062e\u0628\u0631\u0627\u0626\u0646\u0627 \u0628\u0627\u0633\u062a\u062e\u062f\u0627\u0645 \u0623\u062c\u0647\u0632\u0629 \u0627\u062d\u062a\u0631\u0627\u0641\u064a\u0629.<\/li><li>\u064a\u062a\u0645 \u0627\u0644\u062a\u062d\u0643\u0645 \u0628\u062f\u0642\u0629 \u0641\u064a \u0642\u064a\u0645 \u0627\u0644\u0623\u0628\u0639\u0627\u062f \u0648\u0627\u0644\u062a\u0641\u0627\u0648\u062a \u0648\u0627\u0644\u062e\u0634\u0648\u0646\u0629 \u0648\u0627\u0644\u062a\u0648\u0627\u0632\u0646.<\/li><li>\u0648\u0647\u0630\u0627 \u064a\u0636\u0645\u0646 \u062a\u0633\u0644\u064a\u0645 \u0643\u0644 \u0645\u0643\u0648\u0651\u0646 \u0625\u0644\u0649 \u0627\u0644\u0633\u0648\u0642 \u0628\u0645\u0627 \u064a\u062a\u0648\u0627\u0641\u0642 \u062a\u0645\u0627\u0645\u0627\u064b \u0645\u0639 \u0645\u0648\u0627\u0635\u0641\u0627\u062a \u0627\u0644\u062a\u0635\u0645\u064a\u0645 \u0648\u0645\u0639\u0627\u064a\u064a\u0631 \u0627\u0644\u0633\u0644\u0627\u0645\u0629.<\/li><\/ul><p><strong>\u0639\u0645\u0644\u064a\u0627\u062a \u0645\u0631\u0627\u0642\u0628\u0629 \u0627\u0644\u062c\u0648\u062f\u0629<\/strong><\/p><ul><li>\u062a\u0636\u0645\u0646 \u0639\u0645\u0644\u064a\u0627\u062a \u0627\u0644\u062c\u0648\u062f\u0629 ISO \u0648 ECE R90 \u0625\u0645\u0643\u0627\u0646\u064a\u0629 \u0627\u0644\u062a\u062a\u0628\u0639 \u0641\u064a \u0643\u0644 \u062e\u0637\u0648\u0629 \u0645\u0646 \u062e\u0637\u0648\u0627\u062a \u0627\u0644\u0625\u0646\u062a\u0627\u062c.<\/li><li>\u064a\u062a\u0645 \u0625\u062c\u0631\u0627\u0621 \u0627\u062e\u062a\u0628\u0627\u0631\u0627\u062a \u0627\u0644\u0639\u064a\u0646\u0627\u062a \u0648\u0627\u0644\u0645\u0642\u0627\u0648\u0645\u0629 \u0627\u0644\u062d\u0631\u0627\u0631\u064a\u0629 \u0648\u0627\u0644\u062a\u0648\u0627\u0632\u0646 \u0648\u0627\u062e\u062a\u0628\u0627\u0631\u0627\u062a \u0627\u0644\u0623\u062f\u0627\u0621 \u0644\u0636\u0645\u0627\u0646 \u0633\u0644\u0627\u0645\u0629 \u0627\u0644\u0645\u0646\u062a\u062c\u0627\u062a \u0641\u064a \u0638\u0631\u0648\u0641 \u0627\u0644\u0627\u0633\u062a\u062e\u062f\u0627\u0645 \u0627\u0644\u0641\u0639\u0644\u064a\u0629.<\/li><li>\u0645\u0639 40 \u0639\u0627\u0645\u064b\u0627 \u0645\u0646 \u0627\u0644\u062e\u0628\u0631\u0629\u060c \u064a\u062a\u0645 \u062a\u0637\u0628\u064a\u0642 \u062b\u0642\u0627\u0641\u0629 \u0627\u0644\u062a\u062d\u0633\u064a\u0646 \u0627\u0644\u0645\u0633\u062a\u0645\u0631 \u0648\u0627\u0644\u062a\u0645\u064a\u0632 \u0641\u064a \u0643\u0644 \u0645\u0631\u062d\u0644\u0629 \u0645\u0646 \u0645\u0631\u0627\u062d\u0644 \u0627\u0644\u0625\u0646\u062a\u0627\u062c.<\/li><\/ul>\t\t\t\t\t\t\t\t<\/div>\n\t\t\t\t\t<\/div>\n\t\t\t\t<\/div>\n\t\t<div class=\"elementor-element elementor-element-49f1b80 e-con-full e-flex e-con e-parent\" data-id=\"49f1b80\" data-element_type=\"container\" data-settings=\"{&quot;background_background&quot;:&quot;classic&quot;}\">\n\t\t\t\t<\/div>\n\t\t\t\t<\/div>","protected":false},"excerpt":{"rendered":"<p>KLAUE olarak, \u00fcretimde kaliteyi ve g\u00fcveni sadece s\u00f6zde b\u0131rakm\u0131yoruz; her ad\u0131m\u0131 ileriye d\u00f6n\u00fck teknoloji ve hassas m\u00fchendislik ile destekliyoruz. Modern \u00fcretim tesislerimizde kulland\u0131\u011f\u0131m\u0131z ekipman ve s\u00fcre\u00e7ler sayesinde, her par\u00e7an\u0131n milimetrik do\u011fruluk ve \u00fcst\u00fcn dayan\u0131kl\u0131l\u0131k ile \u00fcretilmesini sa\u011fl\u0131yoruz. CNC Tezgahlar\u0131 Y\u00fcksek hassasiyetli CNC i\u015fleme merkezleri, karma\u015f\u0131k geometrilere sahip par\u00e7alar\u0131 bile milimetrik do\u011frulukla \u00fcretmemizi sa\u011flar. Hem seri [&hellip;]<\/p>","protected":false},"author":1,"featured_media":0,"parent":0,"menu_order":0,"comment_status":"closed","ping_status":"closed","template":"elementor_header_footer","meta":{"_uag_custom_page_level_css":"","footnotes":""},"class_list":["post-3328","page","type-page","status-publish","hentry"],"blocksy_meta":[],"aioseo_notices":[],"uagb_featured_image_src":{"full":false,"thumbnail":false,"medium":false,"medium_large":false,"large":false,"1536x1536":false,"2048x2048":false,"trp-custom-language-flag":false,"woocommerce_archive_thumbnail":false,"woocommerce_thumbnail":false,"woocommerce_single":false,"woocommerce_gallery_thumbnail":false},"uagb_author_info":{"display_name":"grafik@gramen.com.tr","author_link":"https:\/\/sevmaksan.com\/ar\/author\/gramen\/"},"uagb_comment_info":0,"uagb_excerpt":"KLAUE olarak, \u00fcretimde kaliteyi ve g\u00fcveni sadece s\u00f6zde b\u0131rakm\u0131yoruz; her ad\u0131m\u0131 ileriye d\u00f6n\u00fck teknoloji ve hassas m\u00fchendislik ile destekliyoruz. Modern \u00fcretim tesislerimizde kulland\u0131\u011f\u0131m\u0131z ekipman ve s\u00fcre\u00e7ler sayesinde, her par\u00e7an\u0131n milimetrik do\u011fruluk ve \u00fcst\u00fcn dayan\u0131kl\u0131l\u0131k ile \u00fcretilmesini sa\u011fl\u0131yoruz. CNC Tezgahlar\u0131 Y\u00fcksek hassasiyetli CNC i\u015fleme merkezleri, karma\u015f\u0131k geometrilere sahip par\u00e7alar\u0131 bile milimetrik do\u011frulukla \u00fcretmemizi sa\u011flar. Hem seri&hellip;","_links":{"self":[{"href":"https:\/\/sevmaksan.com\/ar\/wp-json\/wp\/v2\/pages\/3328","targetHints":{"allow":["GET"]}}],"collection":[{"href":"https:\/\/sevmaksan.com\/ar\/wp-json\/wp\/v2\/pages"}],"about":[{"href":"https:\/\/sevmaksan.com\/ar\/wp-json\/wp\/v2\/types\/page"}],"author":[{"embeddable":true,"href":"https:\/\/sevmaksan.com\/ar\/wp-json\/wp\/v2\/users\/1"}],"replies":[{"embeddable":true,"href":"https:\/\/sevmaksan.com\/ar\/wp-json\/wp\/v2\/comments?post=3328"}],"version-history":[{"count":13,"href":"https:\/\/sevmaksan.com\/ar\/wp-json\/wp\/v2\/pages\/3328\/revisions"}],"predecessor-version":[{"id":3507,"href":"https:\/\/sevmaksan.com\/ar\/wp-json\/wp\/v2\/pages\/3328\/revisions\/3507"}],"wp:attachment":[{"href":"https:\/\/sevmaksan.com\/ar\/wp-json\/wp\/v2\/media?parent=3328"}],"curies":[{"name":"\u062f\u0628\u0644\u064a\u0648 \u0628\u064a","href":"https:\/\/api.w.org\/{rel}","templated":true}]}}