{"id":3327,"date":"2025-10-31T07:40:51","date_gmt":"2025-10-31T07:40:51","guid":{"rendered":"https:\/\/sevmaksan.com\/?page_id=3327"},"modified":"2025-11-01T08:18:12","modified_gmt":"2025-11-01T08:18:12","slug":"proje","status":"publish","type":"page","link":"https:\/\/sevmaksan.com\/de\/proje\/","title":{"rendered":"Projekt"},"content":{"rendered":"<div data-elementor-type=\"wp-page\" data-elementor-id=\"3327\" class=\"elementor elementor-3327\" data-elementor-post-type=\"page\">\n\t\t\t\t<div class=\"elementor-element elementor-element-620d84dc e-flex e-con-boxed e-con e-parent\" data-id=\"620d84dc\" data-element_type=\"container\" data-settings=\"{&quot;background_background&quot;:&quot;classic&quot;}\">\n\t\t\t\t\t<div class=\"e-con-inner\">\n\t\t\t\t\t<\/div>\n\t\t\t\t<\/div>\n\t\t<div class=\"elementor-element elementor-element-1da991b e-flex e-con-boxed e-con e-parent\" data-id=\"1da991b\" data-element_type=\"container\" data-settings=\"{&quot;background_background&quot;:&quot;classic&quot;}\">\n\t\t\t\t\t<div class=\"e-con-inner\">\n\t\t\t\t<div class=\"elementor-element elementor-element-3be6144e elementor-widget elementor-widget-text-editor\" data-id=\"3be6144e\" data-element_type=\"widget\" data-widget_type=\"text-editor.default\">\n\t\t\t\t\t\t\t\t\t<p>KLAUE fertigt nicht nur Standard-Bremsscheiben, sondern bietet auch projektspezifische Fertigungsl\u00f6sungen nach den spezifischen Anforderungen unserer Kunden. Mit unseren modernen CNC-Fertigungsanlagen, erfahrenen Ingenieuren und unserem technischen Team erf\u00fcllen wir alle Arten von speziellen Fertigungsanforderungen mit hoher Pr\u00e4zision und Sicherheit.<\/p>\t\t\t\t\t\t\t\t<\/div>\n\t\t\t\t\t<\/div>\n\t\t\t\t<\/div>\n\t\t<div class=\"elementor-element elementor-element-6f2f37dd e-flex e-con-boxed e-con e-parent\" data-id=\"6f2f37dd\" data-element_type=\"container\" data-settings=\"{&quot;background_background&quot;:&quot;classic&quot;}\">\n\t\t\t\t\t<div class=\"e-con-inner\">\n\t\t<div class=\"elementor-element elementor-element-5652354 e-con-full e-flex e-con e-child\" data-id=\"5652354\" data-element_type=\"container\">\n\t\t<div class=\"elementor-element elementor-element-84d6ff5 e-con-full e-flex e-con e-child\" data-id=\"84d6ff5\" data-element_type=\"container\">\n\t\t\t\t<div class=\"elementor-element elementor-element-ba8632d elementor-widget elementor-widget-text-editor\" data-id=\"ba8632d\" data-element_type=\"widget\" data-widget_type=\"text-editor.default\">\n\t\t\t\t\t\t\t\t\t<p><strong>Spezielle Teile, die wir herstellen:<\/strong><\/p><ul><li>Fahrzeugschwungr\u00e4der<\/li><li>Injektor-Geh\u00e4use<\/li><li>Getriebeabdeckungen<\/li><li>Traktor-Bremsscheiben<\/li><li>Andere projektbezogene mechanische Teile (Entwurf und Produktion auf Anfrage)<\/li><\/ul><p><strong>Unser Unterschied in der Spezialproduktion:<\/strong><\/p><ul><li><strong>Kundenorientierte L\u00f6sungen:<\/strong> Kundenspezifisches Design und Unterst\u00fctzung bei den Abmessungen<\/li><li><strong>Pr\u00e4zisionsfertigung:<\/strong> Millimetergenauigkeit durch CNC-Bearbeitung und fortschrittliche Konstruktionstechniken<\/li><li><strong>Langlebig und zuverl\u00e4ssig:<\/strong> Produkte, die robuster und langlebiger sind als die Originalausr\u00fcstung<\/li><li><strong>Zertifizierte Qualit\u00e4t:<\/strong> Herstellung nach ISO- und ECE R90-Normen<\/li><li><strong>Schnelle und sichere Lieferung:<\/strong> Kurze Fristen auch bei projektbezogener Produktion<\/li><\/ul><p><strong>Bestellvorgang:<\/strong><\/p><ol><li>Mitteilung Ihrer Anforderungen und Gestaltungsw\u00fcnsche (mittels Zeichnung oder Muster)<\/li><li>Technische Bewertung und Angebotserstellung<\/li><li>Herstellung und Genehmigung von Mustern<\/li><li>Serien- oder Einzelfertigung<\/li><li>Qualit\u00e4tskontrolle und Lieferung<\/li><\/ol>\t\t\t\t\t\t\t\t<\/div>\n\t\t\t\t<\/div>\n\t\t<div class=\"elementor-element elementor-element-bd29764 e-con-full e-flex e-con e-child\" data-id=\"bd29764\" data-element_type=\"container\">\n\t\t\t\t<div class=\"elementor-element elementor-element-4c5d0ae elementor-widget elementor-widget-text-editor\" data-id=\"4c5d0ae\" data-element_type=\"widget\" data-widget_type=\"text-editor.default\">\n\t\t\t\t\t\t\t\t\t<p>Als KLAUE produzieren wir industrielle L\u00f6sungen, die auf die Bed\u00fcrfnisse unserer Kunden zugeschnitten sind, und garantieren Vertrauen und Qualit\u00e4t bei jedem Schritt.<\/p><p><strong>Anfrage f\u00fcr Sonderproduktion jetzt abschicken<\/strong><\/p><p>Lassen Sie uns Ihre L\u00f6sung f\u00fcr Ihr Projekt mit technischer Pr\u00e4zision herstellen.<br \/>F\u00fcllen Sie das nachstehende Formular aus und unser Expertenteam wird sich so bald wie m\u00f6glich mit Ihnen in Verbindung setzen.<\/p>\t\t\t\t\t\t\t\t<\/div>\n\t\t\t\t<div class=\"elementor-element elementor-element-d07b20d elementor-widget elementor-widget-text-editor\" data-id=\"d07b20d\" data-element_type=\"widget\" data-widget_type=\"text-editor.default\">\n\t\t\t\t\t\t\t\t\t<p>Jedes Projekt ist f\u00fcr uns etwas Besonderes.<\/p>\t\t\t\t\t\t\t\t<\/div>\n\t\t\t\t<\/div>\n\t\t\t\t<\/div>\n\t\t\t\t\t<\/div>\n\t\t\t\t<\/div>\n\t\t<div class=\"elementor-element elementor-element-4631491 e-flex e-con-boxed e-con e-parent\" data-id=\"4631491\" data-element_type=\"container\">\n\t\t\t\t\t<div class=\"e-con-inner\">\n\t\t\t\t<div class=\"elementor-element elementor-element-42310e4 elementor-widget elementor-widget-heading\" data-id=\"42310e4\" data-element_type=\"widget\" data-widget_type=\"heading.default\">\n\t\t\t\t\t<h2 class=\"elementor-heading-title elementor-size-default\">Details zum Projekt senden <\/h2>\t\t\t\t<\/div>\n\t\t\t\t<div class=\"elementor-element elementor-element-c01ee63 elementor-widget elementor-widget-wpforms\" data-id=\"c01ee63\" data-element_type=\"widget\" data-widget_type=\"wpforms.default\">\n\t\t\t\t<div class=\"elementor-widget-container\">\n\t\t\t\t\t<div class=\"wpforms-container\" id=\"wpforms-3416\"><form id=\"wpforms-form-3416\" class=\"wpforms-validate wpforms-form wpforms-ajax-form\" data-formid=\"3416\" method=\"post\" enctype=\"multipart\/form-data\" action=\"\/de\/wp-json\/wp\/v2\/pages\/3327?wpforms_form_id=3416\" data-token=\"1ad5f7636c441153a8467f9f526ca479\" data-token-time=\"1776618888\" data-trp-original-action=\"\/de\/wp-json\/wp\/v2\/pages\/3327?wpforms_form_id=3416\"><noscript class=\"wpforms-error-noscript\">Bitte aktivieren Sie JavaScript in Ihrem Browser, um dieses Formular fertigzustellen.<\/noscript><div class=\"wpforms-field-container\"><div id=\"wpforms-3416-field_2-container\" class=\"wpforms-field wpforms-field-name\" data-field-id=\"2\"><label class=\"wpforms-field-label wpforms-label-hide\" for=\"wpforms-3416-field_2\">Name\/Nachname <span class=\"wpforms-required-label\">*<\/span><\/label><div class=\"wpforms-field-row wpforms-field-large\"><div class=\"wpforms-field-row-block wpforms-first wpforms-one-half\"><input type=\"text\" id=\"wpforms-3416-field_2\" class=\"wpforms-field-name-first wpforms-field-required\" name=\"wpforms[fields][2][first]\" placeholder=\"Ihr Name\" required><label for=\"wpforms-3416-field_2\" class=\"wpforms-field-sublabel after wpforms-sublabel-hide\">Vorname<\/label><\/div><div class=\"wpforms-field-row-block wpforms-one-half\"><input type=\"text\" id=\"wpforms-3416-field_2-last\" class=\"wpforms-field-name-last wpforms-field-required\" name=\"wpforms[fields][2][last]\" placeholder=\"Ihr Nachname\" required><label for=\"wpforms-3416-field_2-last\" class=\"wpforms-field-sublabel after wpforms-sublabel-hide\">Nachname<\/label><\/div><\/div><\/div><div id=\"wpforms-3416-field_1-container\" class=\"wpforms-field wpforms-field-text\" data-field-id=\"1\"><label class=\"wpforms-field-label wpforms-label-hide\" for=\"wpforms-3416-field_1\">Name des Unternehmens <span class=\"wpforms-required-label\">*<\/span><\/label><input type=\"text\" id=\"wpforms-3416-field_1\" class=\"wpforms-field-large wpforms-field-required\" name=\"wpforms[fields][1]\" placeholder=\"Name des Unternehmens\" required><\/div><div id=\"wpforms-3416-field_5-container\" class=\"wpforms-field wpforms-field-email\" data-field-id=\"5\"><label class=\"wpforms-field-label wpforms-label-hide\" for=\"wpforms-3416-field_5\">E-Mail <span class=\"wpforms-required-label\">*<\/span><\/label><input type=\"email\" id=\"wpforms-3416-field_5\" class=\"wpforms-field-large wpforms-field-required\" name=\"wpforms[fields][5]\" placeholder=\"Ihre E-Mail Adresse\" spellcheck=\"false\" required><\/div>\t\t<div id=\"wpforms-3416-field_4-container\"\n\t\t\tclass=\"wpforms-field wpforms-field-text\"\n\t\t\tdata-field-type=\"text\"\n\t\t\tdata-field-id=\"4\"\n\t\t\t>\n\t\t\t<label class=\"wpforms-field-label\" for=\"wpforms-3416-field_4\" >Mesaj Ad\u0131\/Soyad\u0131 Email<\/label>\n\t\t\t<input type=\"text\" id=\"wpforms-3416-field_4\" class=\"wpforms-field-medium\" name=\"wpforms[fields][4]\" >\n\t\t<\/div>\n\t\t<div id=\"wpforms-3416-field_6-container\" class=\"wpforms-field wpforms-field-phone\" data-field-id=\"6\"><label class=\"wpforms-field-label wpforms-label-hide\" for=\"wpforms-3416-field_6\">Telefon <span class=\"wpforms-required-label\">*<\/span><\/label><input type=\"tel\" id=\"wpforms-3416-field_6\" class=\"wpforms-field-large wpforms-field-required wpforms-smart-phone-field\" data-rule-smart-phone-field=\"true\" name=\"wpforms[fields][6]\" placeholder=\"Ihre Telefonnummer\" aria-label=\"Telefon\" required><\/div><div id=\"wpforms-3416-field_3-container\" class=\"wpforms-field wpforms-field-textarea\" data-field-id=\"3\"><label class=\"wpforms-field-label wpforms-label-hide\" for=\"wpforms-3416-field_3\">Nachricht <span class=\"wpforms-required-label\">*<\/span><\/label><textarea id=\"wpforms-3416-field_3\" class=\"wpforms-field-medium wpforms-field-required\" name=\"wpforms[fields][3]\" placeholder=\"Ihre Nachricht...\" required><\/textarea><\/div><div id=\"wpforms-3416-field_8-container\" class=\"wpforms-field wpforms-field-file-upload\" data-field-id=\"8\"><label class=\"wpforms-field-label\" for=\"wpforms-3416-field_8\">Zeichnung oder Muster laden (optional)<\/label><div\n\t\tclass=\"wpforms-uploader\"\n\t\tdata-field-id=\"8\"\n\t\tdata-form-id=\"3416\"\n\t\tdata-input-name=\"wpforms_3416_8\"\n\t\tdata-extensions=\"jpg,jpeg,jpe,gif,png,bmp,tiff,tif,webp,avif,ico,heic,heif,heics,heifs,asf,asx,wmv,wmx,wm,avi,divx,mov,qt,mpeg,mpg,mpe,mp4,m4v,ogv,webm,mkv,3gp,3gpp,3g2,3gp2,txt,asc,c,cc,h,srt,csv,tsv,ics,rtx,css,vtt,mp3,m4a,m4b,aac,ra,ram,wav,x-wav,ogg,oga,flac,mid,midi,wma,wax,mka,rtf,pdf,class,tar,zip,gz,gzip,rar,7z,psd,xcf,doc,pot,pps,ppt,wri,xla,xls,xlt,xlw,mpp,docx,docm,dotx,dotm,xlsx,xlsm,xlsb,xltx,xltm,xlam,pptx,pptm,ppsx,ppsm,potx,potm,ppam,sldx,sldm,onetoc,onetoc2,onepkg,oxps,xps,odt,odp,ods,odg,odc,odb,odf,wp,wpd,key,numbers,pages,svg,json\"\n\t\tdata-max-size=\"52428800\"\n\t\tdata-max-file-number=\"2\"\n\t\tdata-post-max-size=\"2147483648\"\n\t\tdata-max-parallel-uploads=\"4\"\n\t\tdata-parallel-uploads=\"true\"\n\t\tdata-file-chunk-size=\"2097152\">\n\t<div class=\"dz-message\">\n\t\t<svg  viewbox=\"0 0 640 640\" focusable=\"false\" data-icon=\"inbox\" width=\"50px\" height=\"50px\" fill=\"currentColor\" aria-hidden=\"true\">\n\t\t\t<path d=\"M352 173.3L352 384C352 401.7 337.7 416 320 416C302.3 416 288 401.7 288 384L288 173.3L246.6 214.7C234.1 227.2 213.8 227.2 201.3 214.7C188.8 202.2 188.8 181.9 201.3 169.4L297.3 73.4C309.8 60.9 330.1 60.9 342.6 73.4L438.6 169.4C451.1 181.9 451.1 202.2 438.6 214.7C426.1 227.2 405.8 227.2 393.3 214.7L352 173.3zM320 464C364.2 464 400 428.2 400 384L480 384C515.3 384 544 412.7 544 448L544 480C544 515.3 515.3 544 480 544L160 544C124.7 544 96 515.3 96 480L96 448C96 412.7 124.7 384 160 384L240 384C240 428.2 275.8 464 320 464zM464 488C477.3 488 488 477.3 488 464C488 450.7 477.3 440 464 440C450.7 440 440 450.7 440 464C440 477.3 450.7 488 464 488z\"\/>\n\t\t<\/svg>\n\n\t\t<span class=\"modern-title\">\n\t\t\t\t\t\t\tDateien ziehen und ablegen, \t\t\t\t<span>Dateien zum Hochladen ausw\u00e4hlen<\/span>\n\t\t\t\t\t<\/span>\n\n\t\t\t\t\t<span class=\"modern-hint\">Du kannst bis zu 2 Dateien hochladen.<\/span>\n\t\t\t<\/div>\n<\/div>\n\n<input\n\t\ttype=\"text\"\n\t\tautocomplete=\"off\"\n\t\treadonly\n\t\tclass=\"dropzone-input\"\n\t\tstyle=\"position:absolute!important;clip:rect(0,0,0,0)!important;height:1px!important;width:1px!important;border:0!important;overflow:hidden!important;padding:0!important;margin:0!important;\"\n\t\tid=\"wpforms-3416-field_8\"\n\t\tname=\"wpforms_3416_8\" \t\tvalue=\"\">\n<\/div><script>\n\t\t\t\t( function() {\n\t\t\t\t\tconst style = document.createElement( 'style' );\n\t\t\t\t\tstyle.appendChild( document.createTextNode( '#wpforms-3416-field_4-container { position: absolute !important; overflow: hidden !important; display: inline !important; height: 1px !important; width: 1px !important; z-index: -1000 !important; padding: 0 !important; } #wpforms-3416-field_4-container input { visibility: hidden; } #wpforms-conversational-form-page #wpforms-3416-field_4-container label { counter-increment: none; }' ) );\n\t\t\t\t\tdocument.head.appendChild( style );\n\t\t\t\t\tdocument.currentScript?.remove();\n\t\t\t\t} )();\n\t\t\t<\/script><\/div><!-- .wpforms-field-container --><div class=\"wpforms-submit-container\" ><input type=\"hidden\" name=\"wpforms[id]\" value=\"3416\"><input type=\"hidden\" name=\"page_title\" value=\"\"><input type=\"hidden\" name=\"page_url\" value=\"https:\/\/sevmaksan.com\/de\/wp-json\/wp\/v2\/pages\/3327\"><input type=\"hidden\" name=\"url_referer\" value=\"\"><button type=\"submit\" name=\"wpforms[submit]\" id=\"wpforms-submit-3416\" class=\"wpforms-submit\" data-alt-text=\"G\u00f6nderiliyor...\" data-submit-text=\"G\u00f6nder\" aria-live=\"assertive\" value=\"wpforms-submit\">Senden Sie<\/button><img decoding=\"async\" src=\"https:\/\/sevmaksan.com\/wp-content\/plugins\/wpforms\/assets\/images\/submit-spin.svg\" class=\"wpforms-submit-spinner\" style=\"display: none;\" width=\"26\" height=\"26\" alt=\"Wird geladen\"><\/div><input type=\"hidden\" name=\"trp-form-language\" value=\"de\"\/><\/form><\/div>  <!-- .wpforms-container -->\t\t\t\t<\/div>\n\t\t\t\t<\/div>\n\t\t\t\t\t<\/div>\n\t\t\t\t<\/div>\n\t\t\t\t<\/div>","protected":false},"excerpt":{"rendered":"<p>KLAUE fertigt nicht nur Standard-Bremsscheiben, sondern bietet auch projektspezifische Fertigungsl\u00f6sungen nach den spezifischen Anforderungen unserer Kunden. Mit unseren modernen CNC-Fertigungsanlagen, erfahrenen Ingenieuren und einem technischen Team erf\u00fcllen wir jede Art von Sonderanfertigung mit hoher Pr\u00e4zision und Sicherheit. Spezielle Teile, die wir produzieren: Fahrzeugschwungr\u00e4der Einspritzgeh\u00e4use Getriebeabdeckungen Traktorbremsscheiben Andere projektbezogene mechanische Teile (auf Anfrage [...]<\/p>","protected":false},"author":1,"featured_media":0,"parent":0,"menu_order":0,"comment_status":"closed","ping_status":"closed","template":"elementor_header_footer","meta":{"_uag_custom_page_level_css":"","footnotes":""},"class_list":["post-3327","page","type-page","status-publish","hentry"],"blocksy_meta":[],"aioseo_notices":[],"uagb_featured_image_src":{"full":false,"thumbnail":false,"medium":false,"medium_large":false,"large":false,"1536x1536":false,"2048x2048":false,"trp-custom-language-flag":false,"woocommerce_archive_thumbnail":false,"woocommerce_thumbnail":false,"woocommerce_single":false,"woocommerce_gallery_thumbnail":false},"uagb_author_info":{"display_name":"grafik@gramen.com.tr","author_link":"https:\/\/sevmaksan.com\/de\/author\/gramen\/"},"uagb_comment_info":0,"uagb_excerpt":"KLAUE, yaln\u0131zca standart fren diskleri \u00fcretmekle kalmaz; m\u00fc\u015fterilerimizin \u00f6zel ihtiya\u00e7lar\u0131na g\u00f6re projeye \u00f6zel \u00fcretim \u00e7\u00f6z\u00fcmleri de sunar.Modern CNC \u00fcretim tesislerimiz, deneyimli m\u00fchendis ve teknik ekibimiz ile her t\u00fcrl\u00fc \u00f6zel \u00fcretim talebini y\u00fcksek hassasiyet ve g\u00fcvenle kar\u015f\u0131l\u0131yoruz. \u00dcretimini yapt\u0131\u011f\u0131m\u0131z \u00f6zel par\u00e7alar: Ara\u00e7 Volantlar\u0131 Enjekt\u00f6r Yuvalar\u0131 \u015eanz\u0131man Kapaklar\u0131 Trakt\u00f6r Fren Diskleri Proje bazl\u0131 di\u011fer mekanik par\u00e7alar (talebe&hellip;","_links":{"self":[{"href":"https:\/\/sevmaksan.com\/de\/wp-json\/wp\/v2\/pages\/3327","targetHints":{"allow":["GET"]}}],"collection":[{"href":"https:\/\/sevmaksan.com\/de\/wp-json\/wp\/v2\/pages"}],"about":[{"href":"https:\/\/sevmaksan.com\/de\/wp-json\/wp\/v2\/types\/page"}],"author":[{"embeddable":true,"href":"https:\/\/sevmaksan.com\/de\/wp-json\/wp\/v2\/users\/1"}],"replies":[{"embeddable":true,"href":"https:\/\/sevmaksan.com\/de\/wp-json\/wp\/v2\/comments?post=3327"}],"version-history":[{"count":31,"href":"https:\/\/sevmaksan.com\/de\/wp-json\/wp\/v2\/pages\/3327\/revisions"}],"predecessor-version":[{"id":3475,"href":"https:\/\/sevmaksan.com\/de\/wp-json\/wp\/v2\/pages\/3327\/revisions\/3475"}],"wp:attachment":[{"href":"https:\/\/sevmaksan.com\/de\/wp-json\/wp\/v2\/media?parent=3327"}],"curies":[{"name":"wp","href":"https:\/\/api.w.org\/{rel}","templated":true}]}}