{"id":3328,"date":"2025-10-31T07:40:51","date_gmt":"2025-10-31T07:40:51","guid":{"rendered":"https:\/\/sevmaksan.com\/?page_id=3328"},"modified":"2025-11-01T08:45:52","modified_gmt":"2025-11-01T08:45:52","slug":"kalite-ve-teknoloji","status":"publish","type":"page","link":"https:\/\/sevmaksan.com\/de\/kalite-ve-teknoloji\/","title":{"rendered":"Qualit\u00e4t und Technologie"},"content":{"rendered":"<div data-elementor-type=\"wp-page\" data-elementor-id=\"3328\" class=\"elementor elementor-3328\" data-elementor-post-type=\"page\">\n\t\t\t\t<div class=\"elementor-element elementor-element-70d6455b e-flex e-con-boxed e-con e-parent\" data-id=\"70d6455b\" data-element_type=\"container\" data-settings=\"{&quot;background_background&quot;:&quot;classic&quot;}\">\n\t\t\t\t\t<div class=\"e-con-inner\">\n\t\t\t\t\t<\/div>\n\t\t\t\t<\/div>\n\t\t<div class=\"elementor-element elementor-element-49aaae09 e-flex e-con-boxed e-con e-parent\" data-id=\"49aaae09\" data-element_type=\"container\" data-settings=\"{&quot;background_background&quot;:&quot;classic&quot;}\">\n\t\t\t\t\t<div class=\"e-con-inner\">\n\t\t\t\t<div class=\"elementor-element elementor-element-28929471 elementor-widget elementor-widget-text-editor\" data-id=\"28929471\" data-element_type=\"widget\" data-widget_type=\"text-editor.default\">\n\t\t\t\t\t\t\t\t\t<p>Qualit\u00e4t und Zuverl\u00e4ssigkeit in der Produktion sind bei KLAUE nicht nur ein Lippenbekenntnis, sondern werden durch zukunftsweisende Technologie und Pr\u00e4zisionstechnik unterst\u00fctzt. Dank der Anlagen und Verfahren, die wir in unseren modernen Produktionsst\u00e4tten einsetzen, stellen wir sicher, dass jedes Teil millimetergenau und mit hoher Lebensdauer gefertigt wird.<\/p>\t\t\t\t\t\t\t\t<\/div>\n\t\t\t\t\t<\/div>\n\t\t\t\t<\/div>\n\t\t<div class=\"elementor-element elementor-element-1dd85756 e-flex e-con-boxed e-con e-parent\" data-id=\"1dd85756\" data-element_type=\"container\" data-settings=\"{&quot;background_background&quot;:&quot;classic&quot;}\">\n\t\t\t\t\t<div class=\"e-con-inner\">\n\t\t\t\t<div class=\"elementor-element elementor-element-3bd83972 elementor-widget elementor-widget-text-editor\" data-id=\"3bd83972\" data-element_type=\"widget\" data-widget_type=\"text-editor.default\">\n\t\t\t\t\t\t\t\t\t<p><strong>CNC-Maschinen<\/strong><\/p><ul><li>Hochpr\u00e4zise CNC-Bearbeitungszentren erm\u00f6glichen es uns, Teile mit Millimetergenauigkeit zu fertigen, auch solche mit komplexer Geometrie.<\/li><li>Sie bietet flexible und schnelle L\u00f6sungen sowohl f\u00fcr die Massenproduktion als auch f\u00fcr die projektbezogene Sonderfertigung.<\/li><li>Minimiert Toleranz- und Qualit\u00e4tsabweichungen w\u00e4hrend der Produktion mit hoher Effizienz.<\/li><\/ul><p><strong>Drehmaschinen<\/strong><\/p><ul><li>Die robusten und pr\u00e4zisen Drehmaschinen erm\u00f6glichen die Bearbeitung zylindrischer Teile mit optimalen Oberfl\u00e4chenrauhigkeiten und Ma\u00dftoleranzen.<\/li><li>Es spielt eine entscheidende Rolle bei der Herstellung von Bremsscheiben, Getriebedeckeln und anderen Spezialteilen.<\/li><li>Sie erh\u00f6ht die Kontinuit\u00e4t und Qualit\u00e4t der Produktion durch die Integration mit CNC-Maschinen.<\/li><\/ul><p><strong>Messger\u00e4te<\/strong><\/p><ul><li>Jedes Produkt wird von unseren Experten mit professionellen Ger\u00e4ten rigoros getestet.<\/li><li>Ma\u00dfe, Toleranzen, Rauheit und Wuchtwerte werden genauestens kontrolliert.<\/li><li>Dadurch wird sichergestellt, dass jedes Bauteil in voller \u00dcbereinstimmung mit den Konstruktionsspezifikationen und Sicherheitsstandards auf den Markt gebracht wird.<\/li><\/ul><p><strong>Prozesse der Qualit\u00e4tskontrolle<\/strong><\/p><ul><li>ISO- und ECE R90-Qualit\u00e4tsprozesse gew\u00e4hrleisten die R\u00fcckverfolgbarkeit in jedem Produktionsschritt.<\/li><li>Um die Sicherheit der Produkte unter den tats\u00e4chlichen Einsatzbedingungen zu gew\u00e4hrleisten, werden Mustertests, W\u00e4rmebest\u00e4ndigkeitstests, Gleichgewichtstests und Leistungstests durchgef\u00fchrt.<\/li><li>Mit 40 Jahren Erfahrung wird eine Kultur der kontinuierlichen Verbesserung und Exzellenz in jeder Phase der Produktion angewandt.<\/li><\/ul>\t\t\t\t\t\t\t\t<\/div>\n\t\t\t\t\t<\/div>\n\t\t\t\t<\/div>\n\t\t<div class=\"elementor-element elementor-element-49f1b80 e-con-full e-flex e-con e-parent\" data-id=\"49f1b80\" data-element_type=\"container\" data-settings=\"{&quot;background_background&quot;:&quot;classic&quot;}\">\n\t\t\t\t<\/div>\n\t\t\t\t<\/div>","protected":false},"excerpt":{"rendered":"<p>Qualit\u00e4t und Zuverl\u00e4ssigkeit in der Produktion sind bei KLAUE nicht nur ein Lippenbekenntnis, sondern werden durch zukunftsweisende Technologie und Pr\u00e4zisionstechnik unterst\u00fctzt. Die Anlagen und Verfahren in unseren modernen Produktionsst\u00e4tten sorgen daf\u00fcr, dass jedes Teil millimetergenau und langlebig gefertigt wird. CNC-Werkzeugmaschinen Hochpr\u00e4zise CNC-Bearbeitungszentren erm\u00f6glichen uns die millimetergenaue Fertigung von Teilen, auch mit komplexen Geometrien. Sowohl Serien- [...]<\/p>","protected":false},"author":1,"featured_media":0,"parent":0,"menu_order":0,"comment_status":"closed","ping_status":"closed","template":"elementor_header_footer","meta":{"_uag_custom_page_level_css":"","footnotes":""},"class_list":["post-3328","page","type-page","status-publish","hentry"],"blocksy_meta":[],"aioseo_notices":[],"uagb_featured_image_src":{"full":false,"thumbnail":false,"medium":false,"medium_large":false,"large":false,"1536x1536":false,"2048x2048":false,"trp-custom-language-flag":false,"woocommerce_archive_thumbnail":false,"woocommerce_thumbnail":false,"woocommerce_single":false,"woocommerce_gallery_thumbnail":false},"uagb_author_info":{"display_name":"grafik@gramen.com.tr","author_link":"https:\/\/sevmaksan.com\/de\/author\/gramen\/"},"uagb_comment_info":0,"uagb_excerpt":"KLAUE olarak, \u00fcretimde kaliteyi ve g\u00fcveni sadece s\u00f6zde b\u0131rakm\u0131yoruz; her ad\u0131m\u0131 ileriye d\u00f6n\u00fck teknoloji ve hassas m\u00fchendislik ile destekliyoruz. Modern \u00fcretim tesislerimizde kulland\u0131\u011f\u0131m\u0131z ekipman ve s\u00fcre\u00e7ler sayesinde, her par\u00e7an\u0131n milimetrik do\u011fruluk ve \u00fcst\u00fcn dayan\u0131kl\u0131l\u0131k ile \u00fcretilmesini sa\u011fl\u0131yoruz. CNC Tezgahlar\u0131 Y\u00fcksek hassasiyetli CNC i\u015fleme merkezleri, karma\u015f\u0131k geometrilere sahip par\u00e7alar\u0131 bile milimetrik do\u011frulukla \u00fcretmemizi sa\u011flar. Hem seri&hellip;","_links":{"self":[{"href":"https:\/\/sevmaksan.com\/de\/wp-json\/wp\/v2\/pages\/3328","targetHints":{"allow":["GET"]}}],"collection":[{"href":"https:\/\/sevmaksan.com\/de\/wp-json\/wp\/v2\/pages"}],"about":[{"href":"https:\/\/sevmaksan.com\/de\/wp-json\/wp\/v2\/types\/page"}],"author":[{"embeddable":true,"href":"https:\/\/sevmaksan.com\/de\/wp-json\/wp\/v2\/users\/1"}],"replies":[{"embeddable":true,"href":"https:\/\/sevmaksan.com\/de\/wp-json\/wp\/v2\/comments?post=3328"}],"version-history":[{"count":13,"href":"https:\/\/sevmaksan.com\/de\/wp-json\/wp\/v2\/pages\/3328\/revisions"}],"predecessor-version":[{"id":3507,"href":"https:\/\/sevmaksan.com\/de\/wp-json\/wp\/v2\/pages\/3328\/revisions\/3507"}],"wp:attachment":[{"href":"https:\/\/sevmaksan.com\/de\/wp-json\/wp\/v2\/media?parent=3328"}],"curies":[{"name":"wp","href":"https:\/\/api.w.org\/{rel}","templated":true}]}}