{"id":625,"date":"2022-07-08T13:46:41","date_gmt":"2022-07-08T13:46:41","guid":{"rendered":"https:\/\/startersites.io\/elementor\/cleaning-service\/?page_id=625"},"modified":"2025-11-01T09:04:38","modified_gmt":"2025-11-01T09:04:38","slug":"fren-diski","status":"publish","type":"page","link":"https:\/\/sevmaksan.com\/de\/fren-diski\/","title":{"rendered":"Bremsscheibe"},"content":{"rendered":"<div data-elementor-type=\"wp-page\" data-elementor-id=\"625\" class=\"elementor elementor-625\" data-elementor-post-type=\"page\">\n\t\t\t\t<div class=\"elementor-element elementor-element-5f485f3 e-flex e-con-boxed e-con e-parent\" data-id=\"5f485f3\" data-element_type=\"container\" data-settings=\"{&quot;background_background&quot;:&quot;classic&quot;}\">\n\t\t\t\t\t<div class=\"e-con-inner\">\n\t\t\t\t\t<\/div>\n\t\t\t\t<\/div>\n\t\t<div class=\"elementor-element elementor-element-e925e92 e-flex e-con-boxed e-con e-parent\" data-id=\"e925e92\" data-element_type=\"container\">\n\t\t\t\t\t<div class=\"e-con-inner\">\n\t\t\t\t<div class=\"elementor-element elementor-element-4c120f9 elementor-widget elementor-widget-text-editor\" data-id=\"4c120f9\" data-element_type=\"widget\" data-widget_type=\"text-editor.default\">\n\t\t\t\t\t\t\t\t\t<p>KLAUE-Bremsscheiben sind eines unserer Spezialteile, die hohe Leistung, Haltbarkeit und Sicherheit vereinen.<br \/>Unsere Produkte wurden mit 40 Jahren Erfahrung von SEVMAKSAN entwickelt und werden nach ISO- und ECE R90-zertifizierten Produktionsstandards hergestellt, wobei die Leistung jedes Teils streng gepr\u00fcft wird.<\/p><p>Warum KLAUE-Bremsscheiben?<\/p><ul><li><strong><u>Vertrauen in die Qualit\u00e4t der Erstausr\u00fcstung:<\/u><\/strong> KLAUE-Bremsscheiben bieten stabile Leistung und Langlebigkeit bei intensiver Nutzung dank einer Produktionsqualit\u00e4t, die den OEM-Standards entspricht.<\/li><li><strong><u>Langfristige Nutzung:<\/u><\/strong> Dank hochfester Spezialgusswerkstoffe und pr\u00e4ziser Bearbeitungsprozesse k\u00f6nnen Bremsscheiben \u00fcber Jahre hinweg sicher eingesetzt werden.<\/li><li><strong><u>Verbesserte Hitzebest\u00e4ndigkeit:<\/u><\/strong> Keine Leistungseinbu\u00dfen auch bei starkem Bremsen und hohen Temperaturen.<\/li><li><strong><u>Minimale Verformung und Biegung:<\/u><\/strong> Dank des thermischen Gleichgewichts und der Materialoptimierung behalten die Scheiben ihre urspr\u00fcngliche Form f\u00fcr lange Zeit.<\/li><li><strong><u>Geringer Bremsweg:<\/u><\/strong> Bietet eine hohe Reibungsstabilit\u00e4t f\u00fcr maximalen Halt und Sicherheit.<\/li><li><strong><u>Ger\u00e4uscharmes und komfortables Bremsen:<\/u><\/strong> Ger\u00e4uscharmes und komfortables Bremsen sowohl im Stadtverkehr als auch auf Langstrecken mit hoher Vibrationskontrolle.<\/li><li><strong><u>Hohe Festigkeit und Haltbarkeit:<\/u><\/strong> Es bietet eine hervorragende Widerstandsf\u00e4higkeit gegen schwere Einsatzbedingungen und pl\u00f6tzliche Belastungen.<\/li><li><strong><u>Fortschrittliche Technik und Pr\u00e4zisionsbearbeitung:<\/u><\/strong> Jede Scheibe wird mit millimetergenauer Pr\u00e4zision auf CNC-Maschinen bearbeitet und durchl\u00e4uft Qualit\u00e4tskontrollprozesse.<\/li><li><strong><u>12 Monate Garantie<\/u>:<\/strong> F\u00fcr alle unsere Bremsscheiben gilt eine 12-monatige Garantie gegen Fabrikationsfehler, die Ihnen ein sicheres Fahren garantiert.<\/li><\/ul><p>Produkt-Optionen:<\/p><ol><li>Perforierte und gerillte Scheiben:<ul><li>Verbesserte W\u00e4rmeableitung<\/li><li>Optimiert f\u00fcr sportliches und leistungsstarkes Fahren<\/li><\/ul><\/li><li>Standard OE-kompatible Scheiben:<ul><li>Qualit\u00e4t der Erstausr\u00fcstung<\/li><li>Ideal f\u00fcr den t\u00e4glichen Gebrauch und lang anhaltend<\/li><\/ul><\/li><\/ol><p>KLAUE-Bremsscheiben sind nicht einfach nur ein Teil, sondern ein Meisterwerk der Technik, das Sie auf jeder Fahrt mit Vertrauen und Leistung begleitet.<br \/>Unsere modernen Fertigungsanlagen und unser erfahrenes Team von Ingenieuren gew\u00e4hrleisten millimetergenaue Pr\u00e4zision und strenge Qualit\u00e4tskontrollen f\u00fcr jede Scheibe.<\/p>\t\t\t\t\t\t\t\t<\/div>\n\t\t\t\t\t<\/div>\n\t\t\t\t<\/div>\n\t\t<div class=\"elementor-element elementor-element-4fe8f26 e-flex e-con-boxed e-con e-parent\" data-id=\"4fe8f26\" data-element_type=\"container\">\n\t\t\t\t\t<div class=\"e-con-inner\">\n\t\t<div class=\"elementor-element elementor-element-2321902 e-con-full e-flex e-con e-child\" data-id=\"2321902\" data-element_type=\"container\">\n\t\t\t\t<div class=\"elementor-element elementor-element-4a48bc8 elementor-widget elementor-widget-heading\" data-id=\"4a48bc8\" data-element_type=\"widget\" data-widget_type=\"heading.default\">\n\t\t\t\t\t<h2 class=\"elementor-heading-title elementor-size-default\">Kontakt<\/h2>\t\t\t\t<\/div>\n\t\t\t\t<div class=\"elementor-element elementor-element-cdc0634 elementor-widget elementor-widget-wpforms\" data-id=\"cdc0634\" data-element_type=\"widget\" data-widget_type=\"wpforms.default\">\n\t\t\t\t<div class=\"elementor-widget-container\">\n\t\t\t\t\t<div class=\"wpforms-container\" id=\"wpforms-3416\"><form id=\"wpforms-form-3416\" class=\"wpforms-validate wpforms-form wpforms-ajax-form\" data-formid=\"3416\" method=\"post\" enctype=\"multipart\/form-data\" action=\"\/de\/wp-json\/wp\/v2\/pages\/625?wpforms_form_id=3416\" data-token=\"1ad5f7636c441153a8467f9f526ca479\" data-token-time=\"1776613693\" data-trp-original-action=\"\/de\/wp-json\/wp\/v2\/pages\/625?wpforms_form_id=3416\"><noscript class=\"wpforms-error-noscript\">Bitte aktivieren Sie JavaScript in Ihrem Browser, um dieses Formular fertigzustellen.<\/noscript><div class=\"wpforms-field-container\">\t\t<div id=\"wpforms-3416-field_4-container\"\n\t\t\tclass=\"wpforms-field wpforms-field-text\"\n\t\t\tdata-field-type=\"text\"\n\t\t\tdata-field-id=\"4\"\n\t\t\t>\n\t\t\t<label class=\"wpforms-field-label\" for=\"wpforms-3416-field_4\" >Y\u00fckleme Email Mesaj<\/label>\n\t\t\t<input type=\"text\" id=\"wpforms-3416-field_4\" class=\"wpforms-field-medium\" name=\"wpforms[fields][4]\" >\n\t\t<\/div>\n\t\t<div id=\"wpforms-3416-field_2-container\" class=\"wpforms-field wpforms-field-name\" data-field-id=\"2\"><label class=\"wpforms-field-label wpforms-label-hide\" for=\"wpforms-3416-field_2\">Name\/Nachname <span class=\"wpforms-required-label\">*<\/span><\/label><div class=\"wpforms-field-row wpforms-field-large\"><div class=\"wpforms-field-row-block wpforms-first wpforms-one-half\"><input type=\"text\" id=\"wpforms-3416-field_2\" class=\"wpforms-field-name-first wpforms-field-required\" name=\"wpforms[fields][2][first]\" placeholder=\"Ihr Name\" required><label for=\"wpforms-3416-field_2\" class=\"wpforms-field-sublabel after wpforms-sublabel-hide\">Vorname<\/label><\/div><div class=\"wpforms-field-row-block wpforms-one-half\"><input type=\"text\" id=\"wpforms-3416-field_2-last\" class=\"wpforms-field-name-last wpforms-field-required\" name=\"wpforms[fields][2][last]\" placeholder=\"Ihr Nachname\" required><label for=\"wpforms-3416-field_2-last\" class=\"wpforms-field-sublabel after wpforms-sublabel-hide\">Nachname<\/label><\/div><\/div><\/div><div id=\"wpforms-3416-field_1-container\" class=\"wpforms-field wpforms-field-text\" data-field-id=\"1\"><label class=\"wpforms-field-label wpforms-label-hide\" for=\"wpforms-3416-field_1\">Name des Unternehmens <span class=\"wpforms-required-label\">*<\/span><\/label><input type=\"text\" id=\"wpforms-3416-field_1\" class=\"wpforms-field-large wpforms-field-required\" name=\"wpforms[fields][1]\" placeholder=\"Name des Unternehmens\" required><\/div><div id=\"wpforms-3416-field_5-container\" class=\"wpforms-field wpforms-field-email\" data-field-id=\"5\"><label class=\"wpforms-field-label wpforms-label-hide\" for=\"wpforms-3416-field_5\">E-Mail <span class=\"wpforms-required-label\">*<\/span><\/label><input type=\"email\" id=\"wpforms-3416-field_5\" class=\"wpforms-field-large wpforms-field-required\" name=\"wpforms[fields][5]\" placeholder=\"Ihre E-Mail Adresse\" spellcheck=\"false\" required><\/div><div id=\"wpforms-3416-field_6-container\" class=\"wpforms-field wpforms-field-phone\" data-field-id=\"6\"><label class=\"wpforms-field-label wpforms-label-hide\" for=\"wpforms-3416-field_6\">Telefon <span class=\"wpforms-required-label\">*<\/span><\/label><input type=\"tel\" id=\"wpforms-3416-field_6\" class=\"wpforms-field-large wpforms-field-required wpforms-smart-phone-field\" data-rule-smart-phone-field=\"true\" name=\"wpforms[fields][6]\" placeholder=\"Ihre Telefonnummer\" aria-label=\"Telefon\" required><\/div><div id=\"wpforms-3416-field_3-container\" class=\"wpforms-field wpforms-field-textarea\" data-field-id=\"3\"><label class=\"wpforms-field-label wpforms-label-hide\" for=\"wpforms-3416-field_3\">Nachricht <span class=\"wpforms-required-label\">*<\/span><\/label><textarea id=\"wpforms-3416-field_3\" class=\"wpforms-field-medium wpforms-field-required\" name=\"wpforms[fields][3]\" placeholder=\"Ihre Nachricht...\" required><\/textarea><\/div><div id=\"wpforms-3416-field_8-container\" class=\"wpforms-field wpforms-field-file-upload\" data-field-id=\"8\"><label class=\"wpforms-field-label\" for=\"wpforms-3416-field_8\">Zeichnung oder Muster laden (optional)<\/label><div\n\t\tclass=\"wpforms-uploader\"\n\t\tdata-field-id=\"8\"\n\t\tdata-form-id=\"3416\"\n\t\tdata-input-name=\"wpforms_3416_8\"\n\t\tdata-extensions=\"jpg,jpeg,jpe,gif,png,bmp,tiff,tif,webp,avif,ico,heic,heif,heics,heifs,asf,asx,wmv,wmx,wm,avi,divx,mov,qt,mpeg,mpg,mpe,mp4,m4v,ogv,webm,mkv,3gp,3gpp,3g2,3gp2,txt,asc,c,cc,h,srt,csv,tsv,ics,rtx,css,vtt,mp3,m4a,m4b,aac,ra,ram,wav,x-wav,ogg,oga,flac,mid,midi,wma,wax,mka,rtf,pdf,class,tar,zip,gz,gzip,rar,7z,psd,xcf,doc,pot,pps,ppt,wri,xla,xls,xlt,xlw,mpp,docx,docm,dotx,dotm,xlsx,xlsm,xlsb,xltx,xltm,xlam,pptx,pptm,ppsx,ppsm,potx,potm,ppam,sldx,sldm,onetoc,onetoc2,onepkg,oxps,xps,odt,odp,ods,odg,odc,odb,odf,wp,wpd,key,numbers,pages,svg,json\"\n\t\tdata-max-size=\"52428800\"\n\t\tdata-max-file-number=\"2\"\n\t\tdata-post-max-size=\"2147483648\"\n\t\tdata-max-parallel-uploads=\"4\"\n\t\tdata-parallel-uploads=\"true\"\n\t\tdata-file-chunk-size=\"2097152\">\n\t<div class=\"dz-message\">\n\t\t<svg  viewbox=\"0 0 640 640\" focusable=\"false\" data-icon=\"inbox\" width=\"50px\" height=\"50px\" fill=\"currentColor\" aria-hidden=\"true\">\n\t\t\t<path d=\"M352 173.3L352 384C352 401.7 337.7 416 320 416C302.3 416 288 401.7 288 384L288 173.3L246.6 214.7C234.1 227.2 213.8 227.2 201.3 214.7C188.8 202.2 188.8 181.9 201.3 169.4L297.3 73.4C309.8 60.9 330.1 60.9 342.6 73.4L438.6 169.4C451.1 181.9 451.1 202.2 438.6 214.7C426.1 227.2 405.8 227.2 393.3 214.7L352 173.3zM320 464C364.2 464 400 428.2 400 384L480 384C515.3 384 544 412.7 544 448L544 480C544 515.3 515.3 544 480 544L160 544C124.7 544 96 515.3 96 480L96 448C96 412.7 124.7 384 160 384L240 384C240 428.2 275.8 464 320 464zM464 488C477.3 488 488 477.3 488 464C488 450.7 477.3 440 464 440C450.7 440 440 450.7 440 464C440 477.3 450.7 488 464 488z\"\/>\n\t\t<\/svg>\n\n\t\t<span class=\"modern-title\">\n\t\t\t\t\t\t\tDateien ziehen und ablegen, \t\t\t\t<span>Dateien zum Hochladen ausw\u00e4hlen<\/span>\n\t\t\t\t\t<\/span>\n\n\t\t\t\t\t<span class=\"modern-hint\">Du kannst bis zu 2 Dateien hochladen.<\/span>\n\t\t\t<\/div>\n<\/div>\n\n<input\n\t\ttype=\"text\"\n\t\tautocomplete=\"off\"\n\t\treadonly\n\t\tclass=\"dropzone-input\"\n\t\tstyle=\"position:absolute!important;clip:rect(0,0,0,0)!important;height:1px!important;width:1px!important;border:0!important;overflow:hidden!important;padding:0!important;margin:0!important;\"\n\t\tid=\"wpforms-3416-field_8\"\n\t\tname=\"wpforms_3416_8\" \t\tvalue=\"\">\n<\/div><script>\n\t\t\t\t( function() {\n\t\t\t\t\tconst style = document.createElement( 'style' );\n\t\t\t\t\tstyle.appendChild( document.createTextNode( '#wpforms-3416-field_4-container { position: absolute !important; overflow: hidden !important; display: inline !important; height: 1px !important; width: 1px !important; z-index: -1000 !important; padding: 0 !important; } #wpforms-3416-field_4-container input { visibility: hidden; } #wpforms-conversational-form-page #wpforms-3416-field_4-container label { counter-increment: none; }' ) );\n\t\t\t\t\tdocument.head.appendChild( style );\n\t\t\t\t\tdocument.currentScript?.remove();\n\t\t\t\t} )();\n\t\t\t<\/script><\/div><!-- .wpforms-field-container --><div class=\"wpforms-submit-container\" ><input type=\"hidden\" name=\"wpforms[id]\" value=\"3416\"><input type=\"hidden\" name=\"page_title\" value=\"\"><input type=\"hidden\" name=\"page_url\" value=\"https:\/\/sevmaksan.com\/de\/wp-json\/wp\/v2\/pages\/625\"><input type=\"hidden\" name=\"url_referer\" value=\"\"><button type=\"submit\" name=\"wpforms[submit]\" id=\"wpforms-submit-3416\" class=\"wpforms-submit\" data-alt-text=\"G\u00f6nderiliyor...\" data-submit-text=\"G\u00f6nder\" aria-live=\"assertive\" value=\"wpforms-submit\">Senden Sie<\/button><img decoding=\"async\" src=\"https:\/\/sevmaksan.com\/wp-content\/plugins\/wpforms\/assets\/images\/submit-spin.svg\" class=\"wpforms-submit-spinner\" style=\"display: none;\" width=\"26\" height=\"26\" alt=\"Wird geladen\"><\/div><input type=\"hidden\" name=\"trp-form-language\" value=\"de\"\/><\/form><\/div>  <!-- .wpforms-container -->\t\t\t\t<\/div>\n\t\t\t\t<\/div>\n\t\t\t\t<\/div>\n\t\t<div class=\"elementor-element elementor-element-1c380d6 e-con-full e-flex e-con e-child\" data-id=\"1c380d6\" data-element_type=\"container\">\n\t\t\t\t<div class=\"elementor-element elementor-element-65a6d98 elementor-widget elementor-widget-image\" data-id=\"65a6d98\" data-element_type=\"widget\" data-widget_type=\"image.default\">\n\t\t\t\t\t\t\t\t\t\t\t\t\t\t\t<img fetchpriority=\"high\" decoding=\"async\" width=\"1024\" height=\"1024\" src=\"https:\/\/sevmaksan.com\/wp-content\/uploads\/2025\/11\/bra__81474-1024x1024.jpeg\" class=\"attachment-large size-large wp-image-3447\" alt=\"\" srcset=\"https:\/\/sevmaksan.com\/wp-content\/uploads\/2025\/11\/bra__81474-1024x1024.jpeg 1024w, https:\/\/sevmaksan.com\/wp-content\/uploads\/2025\/11\/bra__81474-300x300.jpeg 300w, https:\/\/sevmaksan.com\/wp-content\/uploads\/2025\/11\/bra__81474-100x100.jpeg 100w, https:\/\/sevmaksan.com\/wp-content\/uploads\/2025\/11\/bra__81474-600x600.jpeg 600w, https:\/\/sevmaksan.com\/wp-content\/uploads\/2025\/11\/bra__81474-500x500.jpeg 500w, https:\/\/sevmaksan.com\/wp-content\/uploads\/2025\/11\/bra__81474-150x150.jpeg 150w, https:\/\/sevmaksan.com\/wp-content\/uploads\/2025\/11\/bra__81474-768x768.jpeg 768w, https:\/\/sevmaksan.com\/wp-content\/uploads\/2025\/11\/bra__81474-1536x1536.jpeg 1536w, https:\/\/sevmaksan.com\/wp-content\/uploads\/2025\/11\/bra__81474-12x12.jpeg 12w, https:\/\/sevmaksan.com\/wp-content\/uploads\/2025\/11\/bra__81474.jpeg 2048w\" sizes=\"(max-width: 1024px) 100vw, 1024px\" \/>\t\t\t\t\t\t\t\t\t\t\t\t\t\t\t<\/div>\n\t\t\t\t<\/div>\n\t\t\t\t\t<\/div>\n\t\t\t\t<\/div>\n\t\t\t\t<\/div>","protected":false},"excerpt":{"rendered":"<p>Die KLAUE-Bremsscheiben sind eines unserer Spezialteile, die hohe Leistung, Langlebigkeit und Sicherheit in sich vereinen. Entwickelt mit 40 Jahren Erfahrung von SEVMAKSAN, werden unsere Produkte nach ISO- und ECE R90-zertifizierten Produktionsstandards hergestellt, und die Leistung jedes Teils wird rigoros getestet. Warum KLAUE-Bremsscheiben? Vertrauen in die Qualit\u00e4t der Erstausr\u00fcstung: KLAUE-Bremsscheiben werden dank der den Erstausr\u00fcstungsstandards entsprechenden Produktionsqualit\u00e4t in gro\u00dfem Umfang eingesetzt [...]<\/p>","protected":false},"author":1,"featured_media":0,"parent":0,"menu_order":0,"comment_status":"closed","ping_status":"closed","template":"","meta":{"_uag_custom_page_level_css":"","footnotes":""},"class_list":["post-625","page","type-page","status-publish","hentry"],"blocksy_meta":{"page_title_panel":"","has_hero_section":"disabled","94bf7447c21338bea81b7e727e0ce17f":"","hero_section":"type-1","hero_elements":[{"id":"custom_title","enabled":true,"heading_tag":"h1","title":"Startseite"},{"id":"custom_description","enabled":true,"description_visibility":{"desktop":true,"tablet":true,"mobile":false}},{"id":"custom_meta","enabled":false,"meta_elements":[{"id":"author","enabled":true,"label":"By","has_author_avatar":"yes","avatar_size":25},{"id":"post_date","enabled":true,"label":"On","date_format_source":"default","date_format":"M j, Y"},{"id":"updated_date","enabled":false,"label":"On","date_format_source":"default","date_format":"M j, Y"},{"id":"categories","enabled":false,"label":"In","style":"simple"},{"id":"comments","enabled":true}],"page_meta_elements":{"joined":true,"articles_count":true,"comments":true}},{"id":"breadcrumbs","enabled":false}],"b4285b90d870d9a192f00d645c5210e0":"","hero_alignment1":"CT_CSS_SKIP_RULE","hero_margin":40,"hero_alignment2":"center","hero_vertical_alignment":"center","75c30a6231ce5f412800f395afaa8657":"","hero_structure":"narrow","3514c4b2932913f6a25fa00e69d2b921":"","page_title_bg_type":"featured_image","custom_hero_background":{"attachment_id":null},"page_title_image_size":"full","parallax":{"desktop":false,"tablet":false,"mobile":false},"6c1bdf7a8199fa63fe5b0a76016a1945":"","hero_height":"250px","pageTitleFont":{"family":"Default","variation":"Default","size":"30px","line-height":"CT_CSS_SKIP_RULE","letter-spacing":"CT_CSS_SKIP_RULE","text-transform":"CT_CSS_SKIP_RULE","text-decoration":"CT_CSS_SKIP_RULE"},"pageTitleFontColor":{"default":{"color":"CT_CSS_SKIP_RULEDEFAULT"}},"pageMetaFont":{"family":"Default","variation":"n6","size":"12px","line-height":"1.3","letter-spacing":"CT_CSS_SKIP_RULE","text-transform":"uppercase","text-decoration":"CT_CSS_SKIP_RULE"},"pageMetaFontColor":{"default":{"color":"CT_CSS_SKIP_RULEDEFAULT"},"hover":{"color":"CT_CSS_SKIP_RULEDEFAULT"}},"page_meta_button_type_font_colors":{"default":{"color":"CT_CSS_SKIP_RULEDEFAULT"},"hover":{"color":"CT_CSS_SKIP_RULEDEFAULT"}},"page_meta_button_type_background_colors":{"default":{"color":"CT_CSS_SKIP_RULEDEFAULT"},"hover":{"color":"CT_CSS_SKIP_RULEDEFAULT"}},"pageExcerptFont":{"family":"Default","variation":"Default","size":"CT_CSS_SKIP_RULE","line-height":"CT_CSS_SKIP_RULE","letter-spacing":"CT_CSS_SKIP_RULE","text-transform":"CT_CSS_SKIP_RULE","text-decoration":"CT_CSS_SKIP_RULE"},"pageExcerptColor":{"default":{"color":"CT_CSS_SKIP_RULEDEFAULT"}},"breadcrumbsFont":{"family":"Default","variation":"Default","size":"CT_CSS_SKIP_RULE","line-height":"CT_CSS_SKIP_RULE","letter-spacing":"CT_CSS_SKIP_RULE","text-transform":"CT_CSS_SKIP_RULE","text-decoration":"CT_CSS_SKIP_RULE"},"breadcrumbsFontColor":{"default":{"color":"CT_CSS_SKIP_RULEDEFAULT"},"initial":{"color":"CT_CSS_SKIP_RULEDEFAULT"},"hover":{"color":"CT_CSS_SKIP_RULEDEFAULT"}},"pageTitleOverlay":{"background_type":"color","background_pattern":"type-1","background_image":{"attachment_id":null,"x":0,"y":0},"gradient":"linear-gradient(135deg,rgba(6,147,227,1) 0%,rgb(155,81,224) 100%)","background_repeat":"repeat","background_size":"auto","background_attachment":"scroll","patternColor":{"default":{"color":"#e5e7ea"}},"overlayColor":{"default":{"color":"CT_CSS_SKIP_RULE"}},"backgroundColor":{"default":{"color":"CT_CSS_SKIP_RULE"}}},"pageTitleBackground":{"background_type":"color","background_pattern":"type-1","background_image":{"attachment_id":null,"x":0,"y":0},"gradient":"linear-gradient(135deg,rgba(6,147,227,1) 0%,rgb(155,81,224) 100%)","background_repeat":"repeat","background_size":"auto","background_attachment":"scroll","patternColor":{"default":{"color":"#e5e7ea"}},"overlayColor":{"default":{"color":"CT_CSS_SKIP_RULE"}},"backgroundColor":{"default":{"color":"var(--theme-palette-color-6)"}}},"pageTitlePadding":{"top":"50px","bottom":"50px","left":"auto","right":"auto","linked":true},"bbe1121ac266b9b3ee55110fd23e9fb6":"","page_structure_type":"default","283a67cc9c60f97803816ffa1124a50a":"","content_style_source":"inherit","content_style":"wide","vertical_spacing_source":"custom","content_area_spacing":"none","background":{"background_type":"color","background_pattern":"type-1","background_image":{"attachment_id":null,"x":0,"y":0},"gradient":"linear-gradient(135deg,rgba(6,147,227,1) 0%,rgb(155,81,224) 100%)","background_repeat":"repeat","background_size":"auto","background_attachment":"scroll","patternColor":{"default":{"color":"#e5e7ea"}},"overlayColor":{"default":{"color":"CT_CSS_SKIP_RULE"}},"backgroundColor":{"default":{"color":"CT_CSS_SKIP_RULE"}}},"content_background":{"background_type":"color","background_pattern":"type-1","background_image":{"attachment_id":null,"x":0,"y":0},"gradient":"linear-gradient(135deg,rgba(6,147,227,1) 0%,rgb(155,81,224) 100%)","background_repeat":"repeat","background_size":"auto","background_attachment":"scroll","patternColor":{"default":{"color":"#e5e7ea"}},"overlayColor":{"default":{"color":"CT_CSS_SKIP_RULE"}},"backgroundColor":{"default":{"color":"var(--theme-palette-color-8)"}}},"content_boxed_shadow":{"inherit":false,"blur":18,"spread":-6,"v_offset":12,"h_offset":0,"inset":false,"enable":true,"color":{"color":"rgba(34, 56, 101, 0.04)"}},"content_boxed_border":{"width":1,"style":"none","color":{"color":"rgba(44,62,80,0.2)"}},"content_boxed_radius":{"top":"3px","bottom":"3px","left":"3px","right":"3px","linked":true},"boxed_content_spacing":{"desktop":{"top":"40px","bottom":"40px","left":"40px","right":"40px","linked":true},"tablet":{"top":"35px","bottom":"35px","left":"35px","right":"35px","linked":true},"mobile":{"top":"20px","bottom":"20px","left":"20px","right":"20px","linked":true}},"35e8223615ca37b0ce83bd91e4771bdb":"","disable_featured_image":"no","disable_share_box":"no","disable_header":"no","disable_footer":"no","styles_descriptor":{"styles":{"desktop":"","tablet":"","mobile":""},"google_fonts":[],"version":6}},"aioseo_notices":[],"uagb_featured_image_src":{"full":false,"thumbnail":false,"medium":false,"medium_large":false,"large":false,"1536x1536":false,"2048x2048":false,"trp-custom-language-flag":false,"woocommerce_archive_thumbnail":false,"woocommerce_thumbnail":false,"woocommerce_single":false,"woocommerce_gallery_thumbnail":false},"uagb_author_info":{"display_name":"grafik@gramen.com.tr","author_link":"https:\/\/sevmaksan.com\/de\/author\/gramen\/"},"uagb_comment_info":0,"uagb_excerpt":"KLAUE fren diskleri, y\u00fcksek performans, dayan\u0131kl\u0131l\u0131k ve g\u00fcvenli\u011fi bir araya getiren \u00f6zel \u00fcretim par\u00e7alar\u0131m\u0131z\u0131n ba\u015f\u0131nda gelir.40 y\u0131ll\u0131k SEVMAKSAN tecr\u00fcbemizle geli\u015ftirilen \u00fcr\u00fcnlerimiz, ISO ve ECE R90 sertifikal\u0131 \u00fcretim standartlar\u0131 ile \u00fcretilir, her par\u00e7an\u0131n performans\u0131 titizlikle test edilir. Neden KLAUE fren diskleri? Orijinal Ekipman Kalitesinde G\u00fcven: KLAUE fren diskleri, OEM standartlar\u0131yla e\u015fde\u011fer \u00fcretim kalitesi sayesinde yo\u011fun kullan\u0131m&hellip;","_links":{"self":[{"href":"https:\/\/sevmaksan.com\/de\/wp-json\/wp\/v2\/pages\/625","targetHints":{"allow":["GET"]}}],"collection":[{"href":"https:\/\/sevmaksan.com\/de\/wp-json\/wp\/v2\/pages"}],"about":[{"href":"https:\/\/sevmaksan.com\/de\/wp-json\/wp\/v2\/types\/page"}],"author":[{"embeddable":true,"href":"https:\/\/sevmaksan.com\/de\/wp-json\/wp\/v2\/users\/1"}],"replies":[{"embeddable":true,"href":"https:\/\/sevmaksan.com\/de\/wp-json\/wp\/v2\/comments?post=625"}],"version-history":[{"count":32,"href":"https:\/\/sevmaksan.com\/de\/wp-json\/wp\/v2\/pages\/625\/revisions"}],"predecessor-version":[{"id":3514,"href":"https:\/\/sevmaksan.com\/de\/wp-json\/wp\/v2\/pages\/625\/revisions\/3514"}],"wp:attachment":[{"href":"https:\/\/sevmaksan.com\/de\/wp-json\/wp\/v2\/media?parent=625"}],"curies":[{"name":"wp","href":"https:\/\/api.w.org\/{rel}","templated":true}]}}