{"id":3328,"date":"2025-10-31T07:40:51","date_gmt":"2025-10-31T07:40:51","guid":{"rendered":"https:\/\/sevmaksan.com\/?page_id=3328"},"modified":"2025-11-01T08:45:52","modified_gmt":"2025-11-01T08:45:52","slug":"kalite-ve-teknoloji","status":"publish","type":"page","link":"https:\/\/sevmaksan.com\/en\/kalite-ve-teknoloji\/","title":{"rendered":"Quality and Technology"},"content":{"rendered":"<div data-elementor-type=\"wp-page\" data-elementor-id=\"3328\" class=\"elementor elementor-3328\" data-elementor-post-type=\"page\">\n\t\t\t\t<div class=\"elementor-element elementor-element-70d6455b e-flex e-con-boxed e-con e-parent\" data-id=\"70d6455b\" data-element_type=\"container\" data-settings=\"{&quot;background_background&quot;:&quot;classic&quot;}\">\n\t\t\t\t\t<div class=\"e-con-inner\">\n\t\t\t\t\t<\/div>\n\t\t\t\t<\/div>\n\t\t<div class=\"elementor-element elementor-element-49aaae09 e-flex e-con-boxed e-con e-parent\" data-id=\"49aaae09\" data-element_type=\"container\" data-settings=\"{&quot;background_background&quot;:&quot;classic&quot;}\">\n\t\t\t\t\t<div class=\"e-con-inner\">\n\t\t\t\t<div class=\"elementor-element elementor-element-28929471 elementor-widget elementor-widget-text-editor\" data-id=\"28929471\" data-element_type=\"widget\" data-widget_type=\"text-editor.default\">\n\t\t\t\t\t\t\t\t\t<p>At KLAUE, we don't just pay lip service to quality and reliability in production; we back every step with forward-looking technology and precision engineering. Thanks to the equipment and processes we use in our modern production facilities, we ensure that every part is manufactured with millimetre accuracy and superior durability.<\/p>\t\t\t\t\t\t\t\t<\/div>\n\t\t\t\t\t<\/div>\n\t\t\t\t<\/div>\n\t\t<div class=\"elementor-element elementor-element-1dd85756 e-flex e-con-boxed e-con e-parent\" data-id=\"1dd85756\" data-element_type=\"container\" data-settings=\"{&quot;background_background&quot;:&quot;classic&quot;}\">\n\t\t\t\t\t<div class=\"e-con-inner\">\n\t\t\t\t<div class=\"elementor-element elementor-element-3bd83972 elementor-widget elementor-widget-text-editor\" data-id=\"3bd83972\" data-element_type=\"widget\" data-widget_type=\"text-editor.default\">\n\t\t\t\t\t\t\t\t\t<p><strong>CNC Machines<\/strong><\/p><ul><li>High-precision CNC machining centres enable us to produce parts with millimetre accuracy, even those with complex geometries.<\/li><li>It offers flexible and fast solutions for both mass production and project-based special production.<\/li><li>Minimises tolerance and quality deviations during production with high efficiency.<\/li><\/ul><p><strong>Lathe Machines<\/strong><\/p><ul><li>The robust and precise lathes enable cylindrical parts to be machined with optimum surface roughness and dimensional tolerances.<\/li><li>It plays a critical role in the production of brake discs, transmission covers and other special parts.<\/li><li>It increases production continuity and quality by working integrated with CNC machines.<\/li><\/ul><p><strong>Measurement Devices<\/strong><\/p><ul><li>Each product is rigorously tested by our experts with professional devices.<\/li><li>Dimension, tolerance, roughness and balance values are meticulously controlled.<\/li><li>This ensures that every component is delivered to the market in full compliance with design specifications and safety standards.<\/li><\/ul><p><strong>Quality Control Processes<\/strong><\/p><ul><li>ISO and ECE R90 quality processes ensure traceability in every production step.<\/li><li>Sample tests, thermal resistance, balance and performance tests are carried out to ensure that the products are safe under actual conditions of use.<\/li><li>With 40 years of experience, a culture of continuous improvement and excellence is applied at every stage of production.<\/li><\/ul>\t\t\t\t\t\t\t\t<\/div>\n\t\t\t\t\t<\/div>\n\t\t\t\t<\/div>\n\t\t<div class=\"elementor-element elementor-element-49f1b80 e-con-full e-flex e-con e-parent\" data-id=\"49f1b80\" data-element_type=\"container\" data-settings=\"{&quot;background_background&quot;:&quot;classic&quot;}\">\n\t\t\t\t<\/div>\n\t\t\t\t<\/div>","protected":false},"excerpt":{"rendered":"<p>At KLAUE, we don't just pay lip service to quality and reliability in production; we back every step with forward-looking technology and precision engineering. The equipment and processes we use in our modern production facilities ensure that every part is manufactured with millimetre accuracy and superior durability. CNC Machine Tools High-precision CNC machining centres enable us to produce parts with millimetre accuracy, even those with complex geometries. Both serial [...]<\/p>","protected":false},"author":1,"featured_media":0,"parent":0,"menu_order":0,"comment_status":"closed","ping_status":"closed","template":"elementor_header_footer","meta":{"_uag_custom_page_level_css":"","footnotes":""},"class_list":["post-3328","page","type-page","status-publish","hentry"],"blocksy_meta":[],"aioseo_notices":[],"uagb_featured_image_src":{"full":false,"thumbnail":false,"medium":false,"medium_large":false,"large":false,"1536x1536":false,"2048x2048":false,"trp-custom-language-flag":false,"woocommerce_archive_thumbnail":false,"woocommerce_thumbnail":false,"woocommerce_single":false,"woocommerce_gallery_thumbnail":false},"uagb_author_info":{"display_name":"grafik@gramen.com.tr","author_link":"https:\/\/sevmaksan.com\/en\/author\/gramen\/"},"uagb_comment_info":0,"uagb_excerpt":"KLAUE olarak, \u00fcretimde kaliteyi ve g\u00fcveni sadece s\u00f6zde b\u0131rakm\u0131yoruz; her ad\u0131m\u0131 ileriye d\u00f6n\u00fck teknoloji ve hassas m\u00fchendislik ile destekliyoruz. Modern \u00fcretim tesislerimizde kulland\u0131\u011f\u0131m\u0131z ekipman ve s\u00fcre\u00e7ler sayesinde, her par\u00e7an\u0131n milimetrik do\u011fruluk ve \u00fcst\u00fcn dayan\u0131kl\u0131l\u0131k ile \u00fcretilmesini sa\u011fl\u0131yoruz. CNC Tezgahlar\u0131 Y\u00fcksek hassasiyetli CNC i\u015fleme merkezleri, karma\u015f\u0131k geometrilere sahip par\u00e7alar\u0131 bile milimetrik do\u011frulukla \u00fcretmemizi sa\u011flar. Hem seri&hellip;","_links":{"self":[{"href":"https:\/\/sevmaksan.com\/en\/wp-json\/wp\/v2\/pages\/3328","targetHints":{"allow":["GET"]}}],"collection":[{"href":"https:\/\/sevmaksan.com\/en\/wp-json\/wp\/v2\/pages"}],"about":[{"href":"https:\/\/sevmaksan.com\/en\/wp-json\/wp\/v2\/types\/page"}],"author":[{"embeddable":true,"href":"https:\/\/sevmaksan.com\/en\/wp-json\/wp\/v2\/users\/1"}],"replies":[{"embeddable":true,"href":"https:\/\/sevmaksan.com\/en\/wp-json\/wp\/v2\/comments?post=3328"}],"version-history":[{"count":13,"href":"https:\/\/sevmaksan.com\/en\/wp-json\/wp\/v2\/pages\/3328\/revisions"}],"predecessor-version":[{"id":3507,"href":"https:\/\/sevmaksan.com\/en\/wp-json\/wp\/v2\/pages\/3328\/revisions\/3507"}],"wp:attachment":[{"href":"https:\/\/sevmaksan.com\/en\/wp-json\/wp\/v2\/media?parent=3328"}],"curies":[{"name":"wp","href":"https:\/\/api.w.org\/{rel}","templated":true}]}}