{"id":627,"date":"2022-07-08T13:47:04","date_gmt":"2022-07-08T13:47:04","guid":{"rendered":"https:\/\/startersites.io\/elementor\/cleaning-service\/?page_id=627"},"modified":"2025-12-05T09:46:49","modified_gmt":"2025-12-05T09:46:49","slug":"ana-sayfa","status":"publish","type":"page","link":"https:\/\/sevmaksan.com\/en\/","title":{"rendered":"Home Page"},"content":{"rendered":"<div data-elementor-type=\"wp-page\" data-elementor-id=\"627\" class=\"elementor elementor-627\" data-elementor-post-type=\"page\">\n\t\t\t\t<div class=\"elementor-element elementor-element-65ed189 e-flex e-con-boxed e-con e-parent\" data-id=\"65ed189\" data-element_type=\"container\" data-settings=\"{&quot;background_background&quot;:&quot;classic&quot;}\">\n\t\t\t\t\t<div class=\"e-con-inner\">\n\t\t\t\t<div class=\"elementor-element elementor-element-339c148 elementor-widget elementor-widget-text-editor\" data-id=\"339c148\" data-element_type=\"widget\" data-widget_type=\"text-editor.default\">\n\t\t\t\t\t\t\t\t\t<p>KLAUE - the combination of trust, quality and technology with 40 years of experience.<\/p>\t\t\t\t\t\t\t\t<\/div>\n\t\t\t\t<div class=\"elementor-element elementor-element-aed07f7 elementor-widget__width-initial elementor-widget-tablet__width-inherit elementor-widget elementor-widget-heading\" data-id=\"aed07f7\" data-element_type=\"widget\" data-widget_type=\"heading.default\">\n\t\t\t\t\t<h2 class=\"elementor-heading-title elementor-size-default\">We combined the power of our past with the technology of the future.<\/h2>\t\t\t\t<\/div>\n\t\t\t\t\t<\/div>\n\t\t\t\t<\/div>\n\t\t<div class=\"elementor-element elementor-element-25851a1 e-flex e-con-boxed e-con e-parent\" data-id=\"25851a1\" data-element_type=\"container\" data-settings=\"{&quot;background_background&quot;:&quot;classic&quot;}\">\n\t\t\t\t\t<div class=\"e-con-inner\">\n\t\t\t\t<div class=\"elementor-element elementor-element-587b3f7 elementor-widget-tablet__width-inherit elementor-widget elementor-widget-heading\" data-id=\"587b3f7\" data-element_type=\"widget\" data-widget_type=\"heading.default\">\n\t\t\t\t\t<h2 class=\"elementor-heading-title elementor-size-default\">Who We Are<\/h2>\t\t\t\t<\/div>\n\t\t\t\t<div class=\"elementor-element elementor-element-05f77c8 elementor-widget-tablet__width-inherit elementor-widget elementor-widget-text-editor\" data-id=\"05f77c8\" data-element_type=\"widget\" data-widget_type=\"text-editor.default\">\n\t\t\t\t\t\t\t\t\t<p>KLAUE is an innovative brand that combines quality, durability and high performance in agricultural and automotive technologies with 40 years of SEVMAKSAN Automotive experience.<\/p><p>With our strong engineering infrastructure and modern production facilities, we produce many special parts such as brake discs, vehicle flywheels, injector housings, injector housings, transmission covers with high precision in the field of tractor and automotive spare parts.<\/p><p>With our deep-rooted experience, advanced R&amp;D power and quality-oriented production approach, we offer the guarantee of safe driving and superior performance in each of our products.<br \/>KLAUE - the combination of trust, quality and technology with 40 years of experience.<\/p>\t\t\t\t\t\t\t\t<\/div>\n\t\t\t\t\t<\/div>\n\t\t\t\t<\/div>\n\t\t<div class=\"elementor-element elementor-element-ea4b9e4 e-flex e-con-boxed e-con e-parent\" data-id=\"ea4b9e4\" data-element_type=\"container\">\n\t\t\t\t\t<div class=\"e-con-inner\">\n\t\t<div class=\"elementor-element elementor-element-d69b908 e-con-full e-flex e-con e-child\" data-id=\"d69b908\" data-element_type=\"container\">\n\t\t\t\t<div class=\"elementor-element elementor-element-c1a0ac4 elementor-widget-tablet__width-inherit elementor-widget elementor-widget-heading\" data-id=\"c1a0ac4\" data-element_type=\"widget\" data-widget_type=\"heading.default\">\n\t\t\t\t\t<h2 class=\"elementor-heading-title elementor-size-default\">Production Capacity<\/h2>\t\t\t\t<\/div>\n\t\t\t\t<div class=\"elementor-element elementor-element-218dbcc elementor-widget elementor-widget-text-editor\" data-id=\"218dbcc\" data-element_type=\"widget\" data-widget_type=\"text-editor.default\">\n\t\t\t\t\t\t\t\t\t<p>KLAUE has a monthly production capacity of over 100,000 spare parts with its modern production technology and high efficiency orientated facility. With our fully automated CNC lines, quality control systems and experienced team of engineers, we produce each part with millimetre precision and above global quality standards.<\/p><p>Our large production capacity means not only speed, but also continuity, consistency and reliable supply. With 40 years of industrial experience, we at KLAUE distinguish ourselves by our expertise in maintaining quality in high-volume production.<\/p><h5><strong>With the production of over 100,000 spare parts every month, we transform trust into mass production.<\/strong><\/h5>\t\t\t\t\t\t\t\t<\/div>\n\t\t\t\t<\/div>\n\t\t<div class=\"elementor-element elementor-element-8809a9c e-con-full e-flex e-con e-child\" data-id=\"8809a9c\" data-element_type=\"container\">\n\t\t\t\t<div class=\"elementor-element elementor-element-3dac165 elementor-widget elementor-widget-image\" data-id=\"3dac165\" data-element_type=\"widget\" data-widget_type=\"image.default\">\n\t\t\t\t\t\t\t\t\t\t\t\t\t\t\t<img fetchpriority=\"high\" decoding=\"async\" width=\"1024\" height=\"683\" src=\"https:\/\/sevmaksan.com\/wp-content\/uploads\/2025\/12\/6644-1024x683.jpg\" class=\"attachment-large size-large wp-image-3563\" alt=\"\" srcset=\"https:\/\/sevmaksan.com\/wp-content\/uploads\/2025\/12\/6644-1024x683.jpg 1024w, https:\/\/sevmaksan.com\/wp-content\/uploads\/2025\/12\/6644-600x400.jpg 600w, https:\/\/sevmaksan.com\/wp-content\/uploads\/2025\/12\/6644-300x200.jpg 300w, https:\/\/sevmaksan.com\/wp-content\/uploads\/2025\/12\/6644-768x512.jpg 768w, https:\/\/sevmaksan.com\/wp-content\/uploads\/2025\/12\/6644-1536x1025.jpg 1536w, https:\/\/sevmaksan.com\/wp-content\/uploads\/2025\/12\/6644-18x12.jpg 18w, https:\/\/sevmaksan.com\/wp-content\/uploads\/2025\/12\/6644.jpg 2000w\" sizes=\"(max-width: 1024px) 100vw, 1024px\" \/>\t\t\t\t\t\t\t\t\t\t\t\t\t\t\t<\/div>\n\t\t\t\t<\/div>\n\t\t\t\t\t<\/div>\n\t\t\t\t<\/div>\n\t\t<div class=\"elementor-element elementor-element-4bd152d e-flex e-con-boxed e-con e-parent\" data-id=\"4bd152d\" data-element_type=\"container\">\n\t\t\t\t\t<div class=\"e-con-inner\">\n\t\t<div class=\"elementor-element elementor-element-607fdc5 e-con-full e-flex e-con e-child\" data-id=\"607fdc5\" data-element_type=\"container\">\n\t\t\t\t<div class=\"elementor-element elementor-element-69bc195 elementor-widget elementor-widget-image\" data-id=\"69bc195\" data-element_type=\"widget\" data-widget_type=\"image.default\">\n\t\t\t\t\t\t\t\t\t\t\t\t\t\t\t<img decoding=\"async\" width=\"1024\" height=\"1024\" src=\"https:\/\/sevmaksan.com\/wp-content\/uploads\/2025\/10\/bra__81474-1024x1024.jpeg\" class=\"attachment-large size-large wp-image-3247\" alt=\"\" srcset=\"https:\/\/sevmaksan.com\/wp-content\/uploads\/2025\/10\/bra__81474-1024x1024.jpeg 1024w, https:\/\/sevmaksan.com\/wp-content\/uploads\/2025\/10\/bra__81474-300x300.jpeg 300w, https:\/\/sevmaksan.com\/wp-content\/uploads\/2025\/10\/bra__81474-100x100.jpeg 100w, https:\/\/sevmaksan.com\/wp-content\/uploads\/2025\/10\/bra__81474-600x600.jpeg 600w, https:\/\/sevmaksan.com\/wp-content\/uploads\/2025\/10\/bra__81474-500x500.jpeg 500w, https:\/\/sevmaksan.com\/wp-content\/uploads\/2025\/10\/bra__81474-150x150.jpeg 150w, https:\/\/sevmaksan.com\/wp-content\/uploads\/2025\/10\/bra__81474-768x768.jpeg 768w, https:\/\/sevmaksan.com\/wp-content\/uploads\/2025\/10\/bra__81474-1536x1536.jpeg 1536w, https:\/\/sevmaksan.com\/wp-content\/uploads\/2025\/10\/bra__81474-12x12.jpeg 12w, https:\/\/sevmaksan.com\/wp-content\/uploads\/2025\/10\/bra__81474.jpeg 2048w\" sizes=\"(max-width: 1024px) 100vw, 1024px\" \/>\t\t\t\t\t\t\t\t\t\t\t\t\t\t\t<\/div>\n\t\t\t\t<\/div>\n\t\t<div class=\"elementor-element elementor-element-9ac793e e-con-full e-flex e-con e-child\" data-id=\"9ac793e\" data-element_type=\"container\">\n\t\t\t\t<div class=\"elementor-element elementor-element-e2c9097 elementor-widget-tablet__width-inherit elementor-widget elementor-widget-heading\" data-id=\"e2c9097\" data-element_type=\"widget\" data-widget_type=\"heading.default\">\n\t\t\t\t\t<h2 class=\"elementor-heading-title elementor-size-default\">Quality<\/h2>\t\t\t\t<\/div>\n\t\t\t\t<div class=\"elementor-element elementor-element-5098c04 elementor-widget elementor-widget-text-editor\" data-id=\"5098c04\" data-element_type=\"widget\" data-widget_type=\"text-editor.default\">\n\t\t\t\t\t\t\t\t\t<p>At KLAUE, quality is not a stage of production, but the centre of the whole process. For each automotive or agricultural spare part; meticulous engineering, in accordance with legal regulations and necessary procedures, as well as detailed quality control steps are produced.<\/p><p>With 40 years of industrial experience, we observe the principles of durability, safety and performance at every step from material selection to the final test stage. Because we know that quality is not only a standard but also a measure of trust.<\/p><h5><strong>With 40 years of experience, we transform trust into quality.<\/strong><\/h5>\t\t\t\t\t\t\t\t<\/div>\n\t\t\t\t<div class=\"elementor-element elementor-element-3183dc4 elementor-mobile-align-center elementor-tablet-align-center elementor-widget elementor-widget-button\" data-id=\"3183dc4\" data-element_type=\"widget\" data-widget_type=\"button.default\">\n\t\t\t\t\t\t\t\t\t\t<a class=\"elementor-button elementor-button-link elementor-size-md\" href=\"https:\/\/sevmaksan.com\/kalite-ve-teknoloji\/\">\n\t\t\t\t\t\t<span class=\"elementor-button-content-wrapper\">\n\t\t\t\t\t\t\t\t\t<span class=\"elementor-button-text\">Read more<\/span>\n\t\t\t\t\t<\/span>\n\t\t\t\t\t<\/a>\n\t\t\t\t\t\t\t\t<\/div>\n\t\t\t\t<\/div>\n\t\t\t\t\t<\/div>\n\t\t\t\t<\/div>\n\t\t<div class=\"elementor-element elementor-element-458336e e-con-full e-flex e-con e-parent\" data-id=\"458336e\" data-element_type=\"container\" data-settings=\"{&quot;background_background&quot;:&quot;classic&quot;}\">\n\t\t\t\t<div class=\"elementor-element elementor-element-c27d539 elementor-widget elementor-widget-video\" data-id=\"c27d539\" data-element_type=\"widget\" data-settings=\"{&quot;video_type&quot;:&quot;hosted&quot;,&quot;autoplay&quot;:&quot;yes&quot;,&quot;play_on_mobile&quot;:&quot;yes&quot;,&quot;show_image_overlay&quot;:&quot;yes&quot;,&quot;image_overlay&quot;:{&quot;url&quot;:&quot;&quot;,&quot;id&quot;:&quot;&quot;,&quot;size&quot;:&quot;&quot;,&quot;alt&quot;:&quot;&quot;,&quot;source&quot;:&quot;library&quot;},&quot;mute&quot;:&quot;yes&quot;,&quot;loop&quot;:&quot;yes&quot;,&quot;controls&quot;:&quot;yes&quot;}\" data-widget_type=\"video.default\">\n\t\t\t\t\t\t\t<div class=\"e-hosted-video elementor-wrapper elementor-open-inline\">\n\t\t\t\t\t<video class=\"elementor-video\" src=\"http:\/\/sevmaksan.com\/wp-content\/uploads\/2025\/10\/freepik__a-highly-detailed-cinematic-macro-shot-of-tiny-wor__40035.mp4\" autoplay=\"\" loop=\"\" controls=\"\" muted=\"muted\" playsinline=\"\" controlslist=\"nodownload\"><\/video>\n\t\t\t\t<\/div>\n\t\t\t\t\t\t<\/div>\n\t\t\t\t<\/div>\n\t\t<div class=\"elementor-element elementor-element-874d97c e-flex e-con-boxed e-con e-parent\" data-id=\"874d97c\" data-element_type=\"container\">\n\t\t\t\t\t<div class=\"e-con-inner\">\n\t\t\t\t<div class=\"elementor-element elementor-element-c7ab090 elementor-widget elementor-widget-image-carousel\" data-id=\"c7ab090\" data-element_type=\"widget\" data-settings=\"{&quot;slides_to_show&quot;:&quot;7&quot;,&quot;navigation&quot;:&quot;none&quot;,&quot;autoplay_speed&quot;:0,&quot;speed&quot;:2000,&quot;image_spacing_custom&quot;:{&quot;unit&quot;:&quot;px&quot;,&quot;size&quot;:100,&quot;sizes&quot;:[]},&quot;slides_to_show_tablet&quot;:&quot;5&quot;,&quot;slides_to_show_mobile&quot;:&quot;4&quot;,&quot;image_spacing_custom_tablet&quot;:{&quot;unit&quot;:&quot;px&quot;,&quot;size&quot;:60,&quot;sizes&quot;:[]},&quot;image_spacing_custom_mobile&quot;:{&quot;unit&quot;:&quot;px&quot;,&quot;size&quot;:30,&quot;sizes&quot;:[]},&quot;autoplay&quot;:&quot;yes&quot;,&quot;pause_on_hover&quot;:&quot;yes&quot;,&quot;infinite&quot;:&quot;yes&quot;}\" data-widget_type=\"image-carousel.default\">\n\t\t\t\t\t\t\t<div class=\"elementor-image-carousel-wrapper swiper\" role=\"region\" aria-roledescription=\"carousel\" aria-label=\"Image Loop\" dir=\"ltr\">\n\t\t\t<div class=\"elementor-image-carousel swiper-wrapper\" aria-live=\"off\">\n\t\t\t\t\t\t\t\t<div class=\"swiper-slide\" role=\"group\" aria-roledescription=\"slide\" aria-label=\"1 \/ 11\"><figure class=\"swiper-slide-inner\"><img decoding=\"async\" class=\"swiper-slide-image\" src=\"https:\/\/sevmaksan.com\/wp-content\/uploads\/2025\/10\/Audi-Logo.png\" alt=\"Audi- Logo\" \/><\/figure><\/div><div class=\"swiper-slide\" role=\"group\" aria-roledescription=\"slide\" aria-label=\"2 \/ 11\"><figure class=\"swiper-slide-inner\"><img decoding=\"async\" class=\"swiper-slide-image\" src=\"https:\/\/sevmaksan.com\/wp-content\/uploads\/2025\/10\/BMW-Logo.png\" alt=\"BMW- Logo\" \/><\/figure><\/div><div class=\"swiper-slide\" role=\"group\" aria-roledescription=\"slide\" aria-label=\"3 \/ 11\"><figure class=\"swiper-slide-inner\"><img decoding=\"async\" class=\"swiper-slide-image\" src=\"https:\/\/sevmaksan.com\/wp-content\/uploads\/2025\/10\/VW-Logo.png\" alt=\"VW- Logo\" \/><\/figure><\/div><div class=\"swiper-slide\" role=\"group\" aria-roledescription=\"slide\" aria-label=\"4 \/ 11\"><figure class=\"swiper-slide-inner\"><img decoding=\"async\" class=\"swiper-slide-image\" src=\"https:\/\/sevmaksan.com\/wp-content\/uploads\/2025\/10\/Volvo-Logo.png\" alt=\"Volvo- Logo\" \/><\/figure><\/div><div class=\"swiper-slide\" role=\"group\" aria-roledescription=\"slide\" aria-label=\"5 \/ 11\"><figure class=\"swiper-slide-inner\"><img decoding=\"async\" class=\"swiper-slide-image\" src=\"https:\/\/sevmaksan.com\/wp-content\/uploads\/2025\/10\/Toyota-Logo.png\" alt=\"Toyota- Logo\" \/><\/figure><\/div><div class=\"swiper-slide\" role=\"group\" aria-roledescription=\"slide\" aria-label=\"6 \/ 11\"><figure class=\"swiper-slide-inner\"><img decoding=\"async\" class=\"swiper-slide-image\" src=\"https:\/\/sevmaksan.com\/wp-content\/uploads\/2025\/10\/Skoda-Logo.png\" alt=\"Skoda- Logo\" \/><\/figure><\/div><div class=\"swiper-slide\" role=\"group\" aria-roledescription=\"slide\" aria-label=\"7 \/ 11\"><figure class=\"swiper-slide-inner\"><img decoding=\"async\" class=\"swiper-slide-image\" src=\"https:\/\/sevmaksan.com\/wp-content\/uploads\/2025\/10\/Seat-Logo.png\" alt=\"Seat- Logo\" \/><\/figure><\/div><div class=\"swiper-slide\" role=\"group\" aria-roledescription=\"slide\" aria-label=\"8 \/ 11\"><figure class=\"swiper-slide-inner\"><img decoding=\"async\" class=\"swiper-slide-image\" src=\"https:\/\/sevmaksan.com\/wp-content\/uploads\/2025\/10\/Ford-Logo.png\" alt=\"Ford- Logo\" \/><\/figure><\/div><div class=\"swiper-slide\" role=\"group\" aria-roledescription=\"slide\" aria-label=\"9 \/ 11\"><figure class=\"swiper-slide-inner\"><img decoding=\"async\" class=\"swiper-slide-image\" src=\"https:\/\/sevmaksan.com\/wp-content\/uploads\/2025\/10\/Cupra-Logo.png\" alt=\"Cupra- Logo\" \/><\/figure><\/div><div class=\"swiper-slide\" role=\"group\" aria-roledescription=\"slide\" aria-label=\"10 \/ 11\"><figure class=\"swiper-slide-inner\"><img decoding=\"async\" class=\"swiper-slide-image\" src=\"https:\/\/sevmaksan.com\/wp-content\/uploads\/2025\/10\/Opel-Logo.png\" alt=\"Opel- Logo\" \/><\/figure><\/div><div class=\"swiper-slide\" role=\"group\" aria-roledescription=\"slide\" aria-label=\"11 \/ 11\"><figure class=\"swiper-slide-inner\"><img decoding=\"async\" class=\"swiper-slide-image\" src=\"https:\/\/sevmaksan.com\/wp-content\/uploads\/2025\/10\/Fiat-Logo.png\" alt=\"Fiat- Logo\" \/><\/figure><\/div>\t\t\t<\/div>\n\t\t\t\t\t\t\t\n\t\t\t\t\t\t\t\t\t<\/div>\n\t\t\t\t\t\t<\/div>\n\t\t\t\t\t<\/div>\n\t\t\t\t<\/div>\n\t\t<div class=\"elementor-element elementor-element-e0639cd e-flex e-con-boxed e-con e-parent\" data-id=\"e0639cd\" data-element_type=\"container\" data-settings=\"{&quot;background_background&quot;:&quot;classic&quot;}\">\n\t\t\t\t\t<div class=\"e-con-inner\">\n\t\t<div class=\"elementor-element elementor-element-1342409 e-con-full e-flex e-con e-child\" data-id=\"1342409\" data-element_type=\"container\">\n\t\t\t\t<div class=\"elementor-element elementor-element-cfe45de elementor-widget elementor-widget-text-editor\" data-id=\"cfe45de\" data-element_type=\"widget\" data-widget_type=\"text-editor.default\">\n\t\t\t\t\t\t\t\t\t<p>Call us now: <a href=\"tel:+905332403412\" data-type=\"tel\" data-id=\"tel:+905332403412\">(0533) 240 34 12<\/a><\/p>\t\t\t\t\t\t\t\t<\/div>\n\t\t\t\t<div class=\"elementor-element elementor-element-115cb06 elementor-widget elementor-widget-heading\" data-id=\"115cb06\" data-element_type=\"widget\" data-widget_type=\"heading.default\">\n\t\t\t\t\t<h2 class=\"elementor-heading-title elementor-size-default\">Send us the product details required for your project<\/h2>\t\t\t\t<\/div>\n\t\t\t\t<\/div>\n\t\t\t\t<div class=\"elementor-element elementor-element-e988539 elementor-mobile-align-center elementor-align-right elementor-widget__width-initial elementor-tablet-align-center elementor-widget-tablet__width-inherit elementor-widget elementor-widget-button\" data-id=\"e988539\" data-element_type=\"widget\" data-widget_type=\"button.default\">\n\t\t\t\t\t\t\t\t\t\t<a class=\"elementor-button elementor-button-link elementor-size-md\" href=\"\/iletisim\">\n\t\t\t\t\t\t<span class=\"elementor-button-content-wrapper\">\n\t\t\t\t\t\t\t\t\t<span class=\"elementor-button-text\">Contact us<\/span>\n\t\t\t\t\t<\/span>\n\t\t\t\t\t<\/a>\n\t\t\t\t\t\t\t\t<\/div>\n\t\t\t\t\t<\/div>\n\t\t\t\t<\/div>\n\t\t\t\t<\/div>","protected":false},"excerpt":{"rendered":"<p>KLAUE - The combination of trust, quality and technology with 40 years of experience. We combined the strength of our past with the technology of the future. Who We Are KLAUE is an innovative brand that combines quality, durability and high performance in agricultural and automotive technologies with 40 years of SEVMAKSAN Automotive experience. With our strong engineering infrastructure and modern production facilities, in the field of tractor and automotive spare parts, brake discs, vehicle [...]<\/p>","protected":false},"author":1,"featured_media":0,"parent":0,"menu_order":0,"comment_status":"closed","ping_status":"closed","template":"","meta":{"_uag_custom_page_level_css":"","footnotes":""},"class_list":["post-627","page","type-page","status-publish","hentry"],"blocksy_meta":{"page_title_panel":"","has_hero_section":"disabled","0c35b981772fbaa5f034c6910d0e6263":"","hero_section":"type-1","hero_elements":[{"id":"custom_title","enabled":true,"heading_tag":"h1","title":"Home"},{"id":"custom_description","enabled":true,"description_visibility":{"desktop":true,"tablet":true,"mobile":false}},{"id":"custom_meta","enabled":false,"meta_elements":[{"id":"author","enabled":true,"label":"By","has_author_avatar":"yes","avatar_size":25},{"id":"post_date","enabled":true,"label":"On","date_format_source":"default","date_format":"M j, Y"},{"id":"updated_date","enabled":false,"label":"On","date_format_source":"default","date_format":"M j, Y"},{"id":"categories","enabled":false,"label":"In","style":"simple"},{"id":"comments","enabled":true}],"page_meta_elements":{"joined":true,"articles_count":true,"comments":true}},{"id":"breadcrumbs","enabled":false}],"896db0047a05873ed4bcf36e81f35519":"","hero_alignment1":"CT_CSS_SKIP_RULE","hero_margin":40,"hero_alignment2":"center","hero_vertical_alignment":"center","663828d74e2fa832c35ecf467515723f":"","hero_structure":"narrow","30fe1a2bb734f5e3535149e6b1168789":"","page_title_bg_type":"featured_image","custom_hero_background":{"attachment_id":null},"page_title_image_size":"full","parallax":{"desktop":false,"tablet":false,"mobile":false},"4dfbe1f449b3a4e6f0ea88bcdaf88ba0":"","hero_height":"250px","pageTitleFont":{"family":"Default","variation":"Default","size":"30px","line-height":"CT_CSS_SKIP_RULE","letter-spacing":"CT_CSS_SKIP_RULE","text-transform":"CT_CSS_SKIP_RULE","text-decoration":"CT_CSS_SKIP_RULE"},"pageTitleFontColor":{"default":{"color":"CT_CSS_SKIP_RULEDEFAULT"}},"pageMetaFont":{"family":"Default","variation":"n6","size":"12px","line-height":"1.3","letter-spacing":"CT_CSS_SKIP_RULE","text-transform":"uppercase","text-decoration":"CT_CSS_SKIP_RULE"},"pageMetaFontColor":{"default":{"color":"CT_CSS_SKIP_RULEDEFAULT"},"hover":{"color":"CT_CSS_SKIP_RULEDEFAULT"}},"page_meta_button_type_font_colors":{"default":{"color":"CT_CSS_SKIP_RULEDEFAULT"},"hover":{"color":"CT_CSS_SKIP_RULEDEFAULT"}},"page_meta_button_type_background_colors":{"default":{"color":"CT_CSS_SKIP_RULEDEFAULT"},"hover":{"color":"CT_CSS_SKIP_RULEDEFAULT"}},"pageExcerptFont":{"family":"Default","variation":"Default","size":"CT_CSS_SKIP_RULE","line-height":"CT_CSS_SKIP_RULE","letter-spacing":"CT_CSS_SKIP_RULE","text-transform":"CT_CSS_SKIP_RULE","text-decoration":"CT_CSS_SKIP_RULE"},"pageExcerptColor":{"default":{"color":"CT_CSS_SKIP_RULEDEFAULT"}},"breadcrumbsFont":{"family":"Default","variation":"Default","size":"CT_CSS_SKIP_RULE","line-height":"CT_CSS_SKIP_RULE","letter-spacing":"CT_CSS_SKIP_RULE","text-transform":"CT_CSS_SKIP_RULE","text-decoration":"CT_CSS_SKIP_RULE"},"breadcrumbsFontColor":{"default":{"color":"CT_CSS_SKIP_RULEDEFAULT"},"initial":{"color":"CT_CSS_SKIP_RULEDEFAULT"},"hover":{"color":"CT_CSS_SKIP_RULEDEFAULT"}},"pageTitleOverlay":{"background_type":"color","background_pattern":"type-1","background_image":{"attachment_id":null,"x":0,"y":0},"gradient":"linear-gradient(135deg,rgba(6,147,227,1) 0%,rgb(155,81,224) 100%)","background_repeat":"repeat","background_size":"auto","background_attachment":"scroll","patternColor":{"default":{"color":"#e5e7ea"}},"overlayColor":{"default":{"color":"CT_CSS_SKIP_RULE"}},"backgroundColor":{"default":{"color":"CT_CSS_SKIP_RULE"}}},"pageTitleBackground":{"background_type":"color","background_pattern":"type-1","background_image":{"attachment_id":null,"x":0,"y":0},"gradient":"linear-gradient(135deg,rgba(6,147,227,1) 0%,rgb(155,81,224) 100%)","background_repeat":"repeat","background_size":"auto","background_attachment":"scroll","patternColor":{"default":{"color":"#e5e7ea"}},"overlayColor":{"default":{"color":"CT_CSS_SKIP_RULE"}},"backgroundColor":{"default":{"color":"var(--theme-palette-color-6)"}}},"pageTitlePadding":{"top":"50px","bottom":"50px","left":"auto","right":"auto","linked":true},"edbed0d7b68b13b03ba46395264b6d37":"","page_structure_type":"default","71a78e2bfb46bd324f4c1e9d3c0aa19c":"","content_style_source":"inherit","content_style":"wide","vertical_spacing_source":"custom","content_area_spacing":"none","background":{"background_type":"color","background_pattern":"type-1","background_image":{"attachment_id":null,"x":0,"y":0},"gradient":"linear-gradient(135deg,rgba(6,147,227,1) 0%,rgb(155,81,224) 100%)","background_repeat":"repeat","background_size":"auto","background_attachment":"scroll","patternColor":{"default":{"color":"#e5e7ea"}},"overlayColor":{"default":{"color":"CT_CSS_SKIP_RULE"}},"backgroundColor":{"default":{"color":"CT_CSS_SKIP_RULE"}}},"content_background":{"background_type":"color","background_pattern":"type-1","background_image":{"attachment_id":null,"x":0,"y":0},"gradient":"linear-gradient(135deg,rgba(6,147,227,1) 0%,rgb(155,81,224) 100%)","background_repeat":"repeat","background_size":"auto","background_attachment":"scroll","patternColor":{"default":{"color":"#e5e7ea"}},"overlayColor":{"default":{"color":"CT_CSS_SKIP_RULE"}},"backgroundColor":{"default":{"color":"var(--theme-palette-color-8)"}}},"content_boxed_shadow":{"inherit":false,"blur":18,"spread":-6,"v_offset":12,"h_offset":0,"inset":false,"enable":true,"color":{"color":"rgba(34, 56, 101, 0.04)"}},"content_boxed_border":{"width":1,"style":"none","color":{"color":"rgba(44,62,80,0.2)"}},"content_boxed_radius":{"top":"3px","bottom":"3px","left":"3px","right":"3px","linked":true},"boxed_content_spacing":{"desktop":{"top":"40px","bottom":"40px","left":"40px","right":"40px","linked":true},"tablet":{"top":"35px","bottom":"35px","left":"35px","right":"35px","linked":true},"mobile":{"top":"20px","bottom":"20px","left":"20px","right":"20px","linked":true}},"04e396c311653a98f30b9ae98aa8a1ae":"","disable_featured_image":"no","disable_share_box":"no","disable_header":"no","disable_footer":"no","styles_descriptor":{"styles":{"desktop":"","tablet":"","mobile":""},"google_fonts":[],"version":6}},"aioseo_notices":[],"uagb_featured_image_src":{"full":false,"thumbnail":false,"medium":false,"medium_large":false,"large":false,"1536x1536":false,"2048x2048":false,"trp-custom-language-flag":false,"woocommerce_archive_thumbnail":false,"woocommerce_thumbnail":false,"woocommerce_single":false,"woocommerce_gallery_thumbnail":false},"uagb_author_info":{"display_name":"grafik@gramen.com.tr","author_link":"https:\/\/sevmaksan.com\/en\/author\/gramen\/"},"uagb_comment_info":0,"uagb_excerpt":"KLAUE \u2014 40 y\u0131ll\u0131k tecr\u00fcbeyle g\u00fcvenin, kalitenin ve teknolojinin birle\u015fim noktas\u0131. Ge\u00e7mi\u015fimizin g\u00fcc\u00fcyle, gelece\u011fin teknolojisini birle\u015ftirdik. Biz Kimiz KLAUE, 40 y\u0131ll\u0131k SEVMAKSAN Otomotiv tecr\u00fcbesiyle tar\u0131m ve otomotiv teknolojilerinde kalite, dayan\u0131kl\u0131l\u0131k ve y\u00fcksek performans\u0131 bir araya getiren yenilik\u00e7i bir markad\u0131r. G\u00fc\u00e7l\u00fc m\u00fchendislik altyap\u0131m\u0131z ve modern \u00fcretim tesislerimizle, trakt\u00f6r ve otomotiv yedek par\u00e7a alan\u0131nda, fren diskleri, ara\u00e7&hellip;","_links":{"self":[{"href":"https:\/\/sevmaksan.com\/en\/wp-json\/wp\/v2\/pages\/627","targetHints":{"allow":["GET"]}}],"collection":[{"href":"https:\/\/sevmaksan.com\/en\/wp-json\/wp\/v2\/pages"}],"about":[{"href":"https:\/\/sevmaksan.com\/en\/wp-json\/wp\/v2\/types\/page"}],"author":[{"embeddable":true,"href":"https:\/\/sevmaksan.com\/en\/wp-json\/wp\/v2\/users\/1"}],"replies":[{"embeddable":true,"href":"https:\/\/sevmaksan.com\/en\/wp-json\/wp\/v2\/comments?post=627"}],"version-history":[{"count":76,"href":"https:\/\/sevmaksan.com\/en\/wp-json\/wp\/v2\/pages\/627\/revisions"}],"predecessor-version":[{"id":3595,"href":"https:\/\/sevmaksan.com\/en\/wp-json\/wp\/v2\/pages\/627\/revisions\/3595"}],"wp:attachment":[{"href":"https:\/\/sevmaksan.com\/en\/wp-json\/wp\/v2\/media?parent=627"}],"curies":[{"name":"wp","href":"https:\/\/api.w.org\/{rel}","templated":true}]}}