{"id":3328,"date":"2025-10-31T07:40:51","date_gmt":"2025-10-31T07:40:51","guid":{"rendered":"https:\/\/sevmaksan.com\/?page_id=3328"},"modified":"2025-11-01T08:45:52","modified_gmt":"2025-11-01T08:45:52","slug":"kalite-ve-teknoloji","status":"publish","type":"page","link":"https:\/\/sevmaksan.com\/ru\/kalite-ve-teknoloji\/","title":{"rendered":"\u041a\u0430\u0447\u0435\u0441\u0442\u0432\u043e \u0438 \u0442\u0435\u0445\u043d\u043e\u043b\u043e\u0433\u0438\u0438"},"content":{"rendered":"<div data-elementor-type=\"wp-page\" data-elementor-id=\"3328\" class=\"elementor elementor-3328\" data-elementor-post-type=\"page\">\n\t\t\t\t<div class=\"elementor-element elementor-element-70d6455b e-flex e-con-boxed e-con e-parent\" data-id=\"70d6455b\" data-element_type=\"container\" data-settings=\"{&quot;background_background&quot;:&quot;classic&quot;}\">\n\t\t\t\t\t<div class=\"e-con-inner\">\n\t\t\t\t\t<\/div>\n\t\t\t\t<\/div>\n\t\t<div class=\"elementor-element elementor-element-49aaae09 e-flex e-con-boxed e-con e-parent\" data-id=\"49aaae09\" data-element_type=\"container\" data-settings=\"{&quot;background_background&quot;:&quot;classic&quot;}\">\n\t\t\t\t\t<div class=\"e-con-inner\">\n\t\t\t\t<div class=\"elementor-element elementor-element-28929471 elementor-widget elementor-widget-text-editor\" data-id=\"28929471\" data-element_type=\"widget\" data-widget_type=\"text-editor.default\">\n\t\t\t\t\t\t\t\t\t<p>\u0412 \u043a\u043e\u043c\u043f\u0430\u043d\u0438\u0438 KLAUE \u043c\u044b \u043d\u0435 \u043f\u0440\u043e\u0441\u0442\u043e \u0437\u0430\u0431\u043e\u0442\u0438\u043c\u0441\u044f \u043e \u043a\u0430\u0447\u0435\u0441\u0442\u0432\u0435 \u0438 \u043d\u0430\u0434\u0435\u0436\u043d\u043e\u0441\u0442\u0438 \u043f\u0440\u043e\u0438\u0437\u0432\u043e\u0434\u0441\u0442\u0432\u0430, \u043c\u044b \u043f\u043e\u0434\u043a\u0440\u0435\u043f\u043b\u044f\u0435\u043c \u043a\u0430\u0436\u0434\u044b\u0439 \u0441\u0432\u043e\u0439 \u0448\u0430\u0433 \u043f\u0435\u0440\u0435\u0434\u043e\u0432\u044b\u043c\u0438 \u0442\u0435\u0445\u043d\u043e\u043b\u043e\u0433\u0438\u044f\u043c\u0438 \u0438 \u0442\u043e\u0447\u043d\u044b\u043c \u043c\u0430\u0448\u0438\u043d\u043e\u0441\u0442\u0440\u043e\u0435\u043d\u0438\u0435\u043c. \u0411\u043b\u0430\u0433\u043e\u0434\u0430\u0440\u044f \u043e\u0431\u043e\u0440\u0443\u0434\u043e\u0432\u0430\u043d\u0438\u044e \u0438 \u043f\u0440\u043e\u0446\u0435\u0441\u0441\u0430\u043c, \u0438\u0441\u043f\u043e\u043b\u044c\u0437\u0443\u0435\u043c\u044b\u043c \u043d\u0430 \u043d\u0430\u0448\u0438\u0445 \u0441\u043e\u0432\u0440\u0435\u043c\u0435\u043d\u043d\u044b\u0445 \u043f\u0440\u043e\u0438\u0437\u0432\u043e\u0434\u0441\u0442\u0432\u0435\u043d\u043d\u044b\u0445 \u043c\u043e\u0449\u043d\u043e\u0441\u0442\u044f\u0445, \u043c\u044b \u0433\u0430\u0440\u0430\u043d\u0442\u0438\u0440\u0443\u0435\u043c, \u0447\u0442\u043e \u043a\u0430\u0436\u0434\u0430\u044f \u0434\u0435\u0442\u0430\u043b\u044c \u0431\u0443\u0434\u0435\u0442 \u0438\u0437\u0433\u043e\u0442\u043e\u0432\u043b\u0435\u043d\u0430 \u0441 \u0442\u043e\u0447\u043d\u043e\u0441\u0442\u044c\u044e \u0434\u043e \u043c\u0438\u043b\u043b\u0438\u043c\u0435\u0442\u0440\u0430 \u0438 \u0441 \u043f\u0440\u0435\u0432\u043e\u0441\u0445\u043e\u0434\u043d\u043e\u0439 \u0434\u043e\u043b\u0433\u043e\u0432\u0435\u0447\u043d\u043e\u0441\u0442\u044c\u044e.<\/p>\t\t\t\t\t\t\t\t<\/div>\n\t\t\t\t\t<\/div>\n\t\t\t\t<\/div>\n\t\t<div class=\"elementor-element elementor-element-1dd85756 e-flex e-con-boxed e-con e-parent\" data-id=\"1dd85756\" data-element_type=\"container\" data-settings=\"{&quot;background_background&quot;:&quot;classic&quot;}\">\n\t\t\t\t\t<div class=\"e-con-inner\">\n\t\t\t\t<div class=\"elementor-element elementor-element-3bd83972 elementor-widget elementor-widget-text-editor\" data-id=\"3bd83972\" data-element_type=\"widget\" data-widget_type=\"text-editor.default\">\n\t\t\t\t\t\t\t\t\t<p><strong>\u0421\u0442\u0430\u043d\u043a\u0438 \u0441 \u0427\u041f\u0423<\/strong><\/p><ul><li>\u0412\u044b\u0441\u043e\u043a\u043e\u0442\u043e\u0447\u043d\u044b\u0435 \u043e\u0431\u0440\u0430\u0431\u0430\u0442\u044b\u0432\u0430\u044e\u0449\u0438\u0435 \u0446\u0435\u043d\u0442\u0440\u044b \u0441 \u0427\u041f\u0423 \u043f\u043e\u0437\u0432\u043e\u043b\u044f\u044e\u0442 \u043d\u0430\u043c \u0438\u0437\u0433\u043e\u0442\u0430\u0432\u043b\u0438\u0432\u0430\u0442\u044c \u0434\u0435\u0442\u0430\u043b\u0438 \u0441 \u043c\u0438\u043b\u043b\u0438\u043c\u0435\u0442\u0440\u043e\u0432\u043e\u0439 \u0442\u043e\u0447\u043d\u043e\u0441\u0442\u044c\u044e, \u0434\u0430\u0436\u0435 \u0441\u043e \u0441\u043b\u043e\u0436\u043d\u043e\u0439 \u0433\u0435\u043e\u043c\u0435\u0442\u0440\u0438\u0435\u0439.<\/li><li>\u041e\u043d \u043f\u0440\u0435\u0434\u043b\u0430\u0433\u0430\u0435\u0442 \u0433\u0438\u0431\u043a\u0438\u0435 \u0438 \u0431\u044b\u0441\u0442\u0440\u044b\u0435 \u0440\u0435\u0448\u0435\u043d\u0438\u044f \u043a\u0430\u043a \u0434\u043b\u044f \u043c\u0430\u0441\u0441\u043e\u0432\u043e\u0433\u043e \u043f\u0440\u043e\u0438\u0437\u0432\u043e\u0434\u0441\u0442\u0432\u0430, \u0442\u0430\u043a \u0438 \u0434\u043b\u044f \u0441\u043f\u0435\u0446\u0438\u0430\u043b\u044c\u043d\u043e\u0433\u043e \u043f\u0440\u043e\u0438\u0437\u0432\u043e\u0434\u0441\u0442\u0432\u0430 \u043f\u043e \u043f\u0440\u043e\u0435\u043a\u0442\u0430\u043c.<\/li><li>\u041c\u0438\u043d\u0438\u043c\u0438\u0437\u0438\u0440\u0443\u0435\u0442 \u0434\u043e\u043f\u0443\u0441\u043a\u0438 \u0438 \u043e\u0442\u043a\u043b\u043e\u043d\u0435\u043d\u0438\u044f \u043a\u0430\u0447\u0435\u0441\u0442\u0432\u0430 \u0432 \u043f\u0440\u043e\u0446\u0435\u0441\u0441\u0435 \u043f\u0440\u043e\u0438\u0437\u0432\u043e\u0434\u0441\u0442\u0432\u0430 \u0441 \u0432\u044b\u0441\u043e\u043a\u043e\u0439 \u044d\u0444\u0444\u0435\u043a\u0442\u0438\u0432\u043d\u043e\u0441\u0442\u044c\u044e.<\/li><\/ul><p><strong>\u0422\u043e\u043a\u0430\u0440\u043d\u044b\u0435 \u0441\u0442\u0430\u043d\u043a\u0438<\/strong><\/p><ul><li>\u041d\u0430\u0434\u0435\u0436\u043d\u044b\u0435 \u0438 \u0442\u043e\u0447\u043d\u044b\u0435 \u0442\u043e\u043a\u0430\u0440\u043d\u044b\u0435 \u0441\u0442\u0430\u043d\u043a\u0438 \u043f\u043e\u0437\u0432\u043e\u043b\u044f\u044e\u0442 \u043e\u0431\u0440\u0430\u0431\u0430\u0442\u044b\u0432\u0430\u0442\u044c \u0446\u0438\u043b\u0438\u043d\u0434\u0440\u0438\u0447\u0435\u0441\u043a\u0438\u0435 \u0434\u0435\u0442\u0430\u043b\u0438 \u0441 \u043e\u043f\u0442\u0438\u043c\u0430\u043b\u044c\u043d\u043e\u0439 \u0448\u0435\u0440\u043e\u0445\u043e\u0432\u0430\u0442\u043e\u0441\u0442\u044c\u044e \u043f\u043e\u0432\u0435\u0440\u0445\u043d\u043e\u0441\u0442\u0438 \u0438 \u0434\u043e\u043f\u0443\u0441\u043a\u0430\u043c\u0438 \u043d\u0430 \u0440\u0430\u0437\u043c\u0435\u0440\u044b.<\/li><li>\u041e\u043d \u0438\u0433\u0440\u0430\u0435\u0442 \u0432\u0430\u0436\u043d\u0435\u0439\u0448\u0443\u044e \u0440\u043e\u043b\u044c \u0432 \u043f\u0440\u043e\u0438\u0437\u0432\u043e\u0434\u0441\u0442\u0432\u0435 \u0442\u043e\u0440\u043c\u043e\u0437\u043d\u044b\u0445 \u0434\u0438\u0441\u043a\u043e\u0432, \u043a\u0440\u044b\u0448\u0435\u043a \u0442\u0440\u0430\u043d\u0441\u043c\u0438\u0441\u0441\u0438\u0438 \u0438 \u0434\u0440\u0443\u0433\u0438\u0445 \u0441\u043f\u0435\u0446\u0438\u0430\u043b\u044c\u043d\u044b\u0445 \u0434\u0435\u0442\u0430\u043b\u0435\u0439.<\/li><li>\u041e\u043d \u043f\u043e\u0432\u044b\u0448\u0430\u0435\u0442 \u043d\u0435\u043f\u0440\u0435\u0440\u044b\u0432\u043d\u043e\u0441\u0442\u044c \u0438 \u043a\u0430\u0447\u0435\u0441\u0442\u0432\u043e \u043f\u0440\u043e\u0438\u0437\u0432\u043e\u0434\u0441\u0442\u0432\u0430 \u0437\u0430 \u0441\u0447\u0435\u0442 \u0438\u043d\u0442\u0435\u0433\u0440\u0430\u0446\u0438\u0438 \u0441\u043e \u0441\u0442\u0430\u043d\u043a\u0430\u043c\u0438 \u0441 \u0427\u041f\u0423.<\/li><\/ul><p><strong>\u0418\u0437\u043c\u0435\u0440\u0438\u0442\u0435\u043b\u044c\u043d\u044b\u0435 \u043f\u0440\u0438\u0431\u043e\u0440\u044b<\/strong><\/p><ul><li>\u041a\u0430\u0436\u0434\u044b\u0439 \u043f\u0440\u043e\u0434\u0443\u043a\u0442 \u0442\u0449\u0430\u0442\u0435\u043b\u044c\u043d\u043e \u0442\u0435\u0441\u0442\u0438\u0440\u0443\u0435\u0442\u0441\u044f \u043d\u0430\u0448\u0438\u043c\u0438 \u0441\u043f\u0435\u0446\u0438\u0430\u043b\u0438\u0441\u0442\u0430\u043c\u0438 \u0441 \u043f\u043e\u043c\u043e\u0449\u044c\u044e \u043f\u0440\u043e\u0444\u0435\u0441\u0441\u0438\u043e\u043d\u0430\u043b\u044c\u043d\u044b\u0445 \u043f\u0440\u0438\u0431\u043e\u0440\u043e\u0432.<\/li><li>\u0420\u0430\u0437\u043c\u0435\u0440\u044b, \u0434\u043e\u043f\u0443\u0441\u043a\u0438, \u0448\u0435\u0440\u043e\u0445\u043e\u0432\u0430\u0442\u043e\u0441\u0442\u044c \u0438 \u0431\u0430\u043b\u0430\u043d\u0441 \u0442\u0449\u0430\u0442\u0435\u043b\u044c\u043d\u043e \u043a\u043e\u043d\u0442\u0440\u043e\u043b\u0438\u0440\u0443\u044e\u0442\u0441\u044f.<\/li><li>\u042d\u0442\u043e \u0433\u0430\u0440\u0430\u043d\u0442\u0438\u0440\u0443\u0435\u0442, \u0447\u0442\u043e \u043a\u0430\u0436\u0434\u044b\u0439 \u043a\u043e\u043c\u043f\u043e\u043d\u0435\u043d\u0442 \u043f\u043e\u0441\u0442\u0430\u0432\u043b\u044f\u0435\u0442\u0441\u044f \u043d\u0430 \u0440\u044b\u043d\u043e\u043a \u0432 \u043f\u043e\u043b\u043d\u043e\u043c \u0441\u043e\u043e\u0442\u0432\u0435\u0442\u0441\u0442\u0432\u0438\u0438 \u0441\u043e \u0441\u043f\u0435\u0446\u0438\u0444\u0438\u043a\u0430\u0446\u0438\u044f\u043c\u0438 \u0438 \u0441\u0442\u0430\u043d\u0434\u0430\u0440\u0442\u0430\u043c\u0438 \u0431\u0435\u0437\u043e\u043f\u0430\u0441\u043d\u043e\u0441\u0442\u0438.<\/li><\/ul><p><strong>\u041f\u0440\u043e\u0446\u0435\u0441\u0441\u044b \u043a\u043e\u043d\u0442\u0440\u043e\u043b\u044f \u043a\u0430\u0447\u0435\u0441\u0442\u0432\u0430<\/strong><\/p><ul><li>\u041f\u0440\u043e\u0446\u0435\u0441\u0441\u044b \u043a\u0430\u0447\u0435\u0441\u0442\u0432\u0430 ISO \u0438 ECE R90 \u043e\u0431\u0435\u0441\u043f\u0435\u0447\u0438\u0432\u0430\u044e\u0442 \u043f\u0440\u043e\u0441\u043b\u0435\u0436\u0438\u0432\u0430\u0435\u043c\u043e\u0441\u0442\u044c \u043d\u0430 \u043a\u0430\u0436\u0434\u043e\u043c \u044d\u0442\u0430\u043f\u0435 \u043f\u0440\u043e\u0438\u0437\u0432\u043e\u0434\u0441\u0442\u0432\u0430.<\/li><li>\u0414\u043b\u044f \u0442\u043e\u0433\u043e \u0447\u0442\u043e\u0431\u044b \u0443\u0431\u0435\u0434\u0438\u0442\u044c\u0441\u044f \u0432 \u0431\u0435\u0437\u043e\u043f\u0430\u0441\u043d\u043e\u0441\u0442\u0438 \u043f\u0440\u043e\u0434\u0443\u043a\u0446\u0438\u0438 \u0432 \u0440\u0435\u0430\u043b\u044c\u043d\u044b\u0445 \u0443\u0441\u043b\u043e\u0432\u0438\u044f\u0445 \u044d\u043a\u0441\u043f\u043b\u0443\u0430\u0442\u0430\u0446\u0438\u0438, \u043f\u0440\u043e\u0432\u043e\u0434\u044f\u0442\u0441\u044f \u0438\u0441\u043f\u044b\u0442\u0430\u043d\u0438\u044f \u043e\u0431\u0440\u0430\u0437\u0446\u043e\u0432, \u0442\u0435\u0441\u0442\u044b \u043d\u0430 \u0442\u0435\u0440\u043c\u043e\u0441\u0442\u043e\u0439\u043a\u043e\u0441\u0442\u044c, \u0431\u0430\u043b\u0430\u043d\u0441\u0438\u0440\u043e\u0432\u043a\u0443 \u0438 \u044d\u043a\u0441\u043f\u043b\u0443\u0430\u0442\u0430\u0446\u0438\u043e\u043d\u043d\u044b\u0435 \u0445\u0430\u0440\u0430\u043a\u0442\u0435\u0440\u0438\u0441\u0442\u0438\u043a\u0438.<\/li><li>\u0411\u043b\u0430\u0433\u043e\u0434\u0430\u0440\u044f 40-\u043b\u0435\u0442\u043d\u0435\u043c\u0443 \u043e\u043f\u044b\u0442\u0443, \u043a\u0443\u043b\u044c\u0442\u0443\u0440\u0430 \u043d\u0435\u043f\u0440\u0435\u0440\u044b\u0432\u043d\u043e\u0433\u043e \u0441\u043e\u0432\u0435\u0440\u0448\u0435\u043d\u0441\u0442\u0432\u043e\u0432\u0430\u043d\u0438\u044f \u0438 \u043f\u0440\u0435\u0432\u043e\u0441\u0445\u043e\u0434\u0441\u0442\u0432\u0430 \u043f\u0440\u0438\u043c\u0435\u043d\u044f\u0435\u0442\u0441\u044f \u043d\u0430 \u043a\u0430\u0436\u0434\u043e\u043c \u044d\u0442\u0430\u043f\u0435 \u043f\u0440\u043e\u0438\u0437\u0432\u043e\u0434\u0441\u0442\u0432\u0430.<\/li><\/ul>\t\t\t\t\t\t\t\t<\/div>\n\t\t\t\t\t<\/div>\n\t\t\t\t<\/div>\n\t\t<div class=\"elementor-element elementor-element-49f1b80 e-con-full e-flex e-con e-parent\" data-id=\"49f1b80\" data-element_type=\"container\" data-settings=\"{&quot;background_background&quot;:&quot;classic&quot;}\">\n\t\t\t\t<\/div>\n\t\t\t\t<\/div>","protected":false},"excerpt":{"rendered":"<p>\u0412 \u043a\u043e\u043c\u043f\u0430\u043d\u0438\u0438 KLAUE \u043c\u044b \u043d\u0435 \u043f\u0440\u043e\u0441\u0442\u043e \u0437\u0430\u0431\u043e\u0442\u0438\u043c\u0441\u044f \u043e \u043a\u0430\u0447\u0435\u0441\u0442\u0432\u0435 \u0438 \u043d\u0430\u0434\u0435\u0436\u043d\u043e\u0441\u0442\u0438 \u043f\u0440\u043e\u0438\u0437\u0432\u043e\u0434\u0441\u0442\u0432\u0430, \u043c\u044b \u043f\u043e\u0434\u043a\u0440\u0435\u043f\u043b\u044f\u0435\u043c \u043a\u0430\u0436\u0434\u044b\u0439 \u0441\u0432\u043e\u0439 \u0448\u0430\u0433 \u043f\u0435\u0440\u0435\u0434\u043e\u0432\u044b\u043c\u0438 \u0442\u0435\u0445\u043d\u043e\u043b\u043e\u0433\u0438\u044f\u043c\u0438 \u0438 \u0442\u043e\u0447\u043d\u044b\u043c \u043c\u0430\u0448\u0438\u043d\u043e\u0441\u0442\u0440\u043e\u0435\u043d\u0438\u0435\u043c. \u041e\u0431\u043e\u0440\u0443\u0434\u043e\u0432\u0430\u043d\u0438\u0435 \u0438 \u043f\u0440\u043e\u0446\u0435\u0441\u0441\u044b, \u0438\u0441\u043f\u043e\u043b\u044c\u0437\u0443\u0435\u043c\u044b\u0435 \u043d\u0430 \u043d\u0430\u0448\u0438\u0445 \u0441\u043e\u0432\u0440\u0435\u043c\u0435\u043d\u043d\u044b\u0445 \u043f\u0440\u043e\u0438\u0437\u0432\u043e\u0434\u0441\u0442\u0432\u0435\u043d\u043d\u044b\u0445 \u043c\u043e\u0449\u043d\u043e\u0441\u0442\u044f\u0445, \u043e\u0431\u0435\u0441\u043f\u0435\u0447\u0438\u0432\u0430\u044e\u0442 \u0438\u0437\u0433\u043e\u0442\u043e\u0432\u043b\u0435\u043d\u0438\u0435 \u043a\u0430\u0436\u0434\u043e\u0439 \u0434\u0435\u0442\u0430\u043b\u0438 \u0441 \u0442\u043e\u0447\u043d\u043e\u0441\u0442\u044c\u044e \u0434\u043e \u043c\u0438\u043b\u043b\u0438\u043c\u0435\u0442\u0440\u0430 \u0438 \u0432\u044b\u0441\u043e\u0447\u0430\u0439\u0448\u0435\u0439 \u043f\u0440\u043e\u0447\u043d\u043e\u0441\u0442\u044c\u044e. \u0421\u0442\u0430\u043d\u043a\u0438 \u0441 \u0427\u041f\u0423 \u0412\u044b\u0441\u043e\u043a\u043e\u0442\u043e\u0447\u043d\u044b\u0435 \u043e\u0431\u0440\u0430\u0431\u0430\u0442\u044b\u0432\u0430\u044e\u0449\u0438\u0435 \u0446\u0435\u043d\u0442\u0440\u044b \u0441 \u0427\u041f\u0423 \u043f\u043e\u0437\u0432\u043e\u043b\u044f\u044e\u0442 \u043d\u0430\u043c \u043f\u0440\u043e\u0438\u0437\u0432\u043e\u0434\u0438\u0442\u044c \u0434\u0435\u0442\u0430\u043b\u0438 \u0441 \u043c\u0438\u043b\u043b\u0438\u043c\u0435\u0442\u0440\u043e\u0432\u043e\u0439 \u0442\u043e\u0447\u043d\u043e\u0441\u0442\u044c\u044e, \u0432 \u0442\u043e\u043c \u0447\u0438\u0441\u043b\u0435 \u0441\u043e \u0441\u043b\u043e\u0436\u043d\u043e\u0439 \u0433\u0435\u043e\u043c\u0435\u0442\u0440\u0438\u0435\u0439. \u041a\u0430\u043a \u0441\u0435\u0440\u0438\u0439\u043d\u044b\u0435 [...].<\/p>","protected":false},"author":1,"featured_media":0,"parent":0,"menu_order":0,"comment_status":"closed","ping_status":"closed","template":"elementor_header_footer","meta":{"_uag_custom_page_level_css":"","footnotes":""},"class_list":["post-3328","page","type-page","status-publish","hentry"],"blocksy_meta":[],"aioseo_notices":[],"uagb_featured_image_src":{"full":false,"thumbnail":false,"medium":false,"medium_large":false,"large":false,"1536x1536":false,"2048x2048":false,"trp-custom-language-flag":false,"woocommerce_archive_thumbnail":false,"woocommerce_thumbnail":false,"woocommerce_single":false,"woocommerce_gallery_thumbnail":false},"uagb_author_info":{"display_name":"grafik@gramen.com.tr","author_link":"https:\/\/sevmaksan.com\/ru\/author\/gramen\/"},"uagb_comment_info":0,"uagb_excerpt":"KLAUE olarak, \u00fcretimde kaliteyi ve g\u00fcveni sadece s\u00f6zde b\u0131rakm\u0131yoruz; her ad\u0131m\u0131 ileriye d\u00f6n\u00fck teknoloji ve hassas m\u00fchendislik ile destekliyoruz. Modern \u00fcretim tesislerimizde kulland\u0131\u011f\u0131m\u0131z ekipman ve s\u00fcre\u00e7ler sayesinde, her par\u00e7an\u0131n milimetrik do\u011fruluk ve \u00fcst\u00fcn dayan\u0131kl\u0131l\u0131k ile \u00fcretilmesini sa\u011fl\u0131yoruz. CNC Tezgahlar\u0131 Y\u00fcksek hassasiyetli CNC i\u015fleme merkezleri, karma\u015f\u0131k geometrilere sahip par\u00e7alar\u0131 bile milimetrik do\u011frulukla \u00fcretmemizi sa\u011flar. Hem seri&hellip;","_links":{"self":[{"href":"https:\/\/sevmaksan.com\/ru\/wp-json\/wp\/v2\/pages\/3328","targetHints":{"allow":["GET"]}}],"collection":[{"href":"https:\/\/sevmaksan.com\/ru\/wp-json\/wp\/v2\/pages"}],"about":[{"href":"https:\/\/sevmaksan.com\/ru\/wp-json\/wp\/v2\/types\/page"}],"author":[{"embeddable":true,"href":"https:\/\/sevmaksan.com\/ru\/wp-json\/wp\/v2\/users\/1"}],"replies":[{"embeddable":true,"href":"https:\/\/sevmaksan.com\/ru\/wp-json\/wp\/v2\/comments?post=3328"}],"version-history":[{"count":13,"href":"https:\/\/sevmaksan.com\/ru\/wp-json\/wp\/v2\/pages\/3328\/revisions"}],"predecessor-version":[{"id":3507,"href":"https:\/\/sevmaksan.com\/ru\/wp-json\/wp\/v2\/pages\/3328\/revisions\/3507"}],"wp:attachment":[{"href":"https:\/\/sevmaksan.com\/ru\/wp-json\/wp\/v2\/media?parent=3328"}],"curies":[{"name":"wp","href":"https:\/\/api.w.org\/{rel}","templated":true}]}}